{"id":2073,"date":"2023-11-14T10:53:48","date_gmt":"2023-11-14T09:53:48","guid":{"rendered":"https:\/\/www.es-jmm-savenay.fr\/lycee-saint-francois-assise-savenay\/?page_id=2073"},"modified":"2025-12-15T14:15:38","modified_gmt":"2025-12-15T13:15:38","slug":"pre-inscription","status":"publish","type":"page","link":"https:\/\/www.es-jmm-savenay.fr\/college-saint-joseph-savenay\/pre-inscription\/","title":{"rendered":"Pr\u00e9-inscription Coll\u00e8ge"},"content":{"rendered":"[vc_row ct_row_stretch=\u00a0\u00bb\u00a0\u00bb][vc_column]<div class=\"ult-spacer spacer-69e4c541e82fe\" data-id=\"69e4c541e82fe\" data-height=\"80\" data-height-mobile=\"80\" data-height-tab=\"80\" data-height-tab-portrait=\"\" data-height-mobile-landscape=\"\" style=\"clear:both;display:block;\"><\/div><div id=\"ultimate-heading-617369e4c541e85ae\" class=\"uvc-heading ult-adjust-bottom-margin ultimate-heading-617369e4c541e85ae uvc-2550 \" data-hspacer=\"line_with_icon\" data-hline_width=\"auto\" data-hicon_type=\"selector\" data-hborder_style=\"solid\" data-hborder_height=\"3\" data-hborder_color=\"#eb6029\" data-icon_width=\"50\" data-hfixer=\"10\"  data-halign=\"center\" style=\"text-align:center\"><div class=\"uvc-heading-spacer line_with_icon\" style=\"topheight:50px;\"><div class=\"ult-just-icon-wrapper  \"><div class=\"align-icon\" style=\"text-align:center;\">\n<div class=\"aio-icon none \"  style=\"color:#eb6029;font-size:50px;display:inline-block;\">\n\t<i class=\"icomoon-ACCUEIL\"><\/i>\n<\/div><\/div><\/div><\/div><div class=\"uvc-main-heading ult-responsive\"  data-ultimate-target='.uvc-heading.ultimate-heading-617369e4c541e85ae h1'  data-responsive-json-new='{\"font-size\":\"desktop:50px;\",\"line-height\":\"\"}' ><h1 style=\"font-weight:normal;color:#1a1c39;margin-top:15px;margin-bottom:50px;\">Pr\u00e9-inscription Coll\u00e8ge<\/h1><\/div><\/div>[vc_row_inner][vc_column_inner][vc_column_text]\r\n<p style=\"text-align: center\">Vous souhaitez inscrire votre enfant dans notre coll\u00e8ge, merci de suivre les \u00e9tapes ci-dessous :<\/p>\r\n[\/vc_column_text][\/vc_column_inner][\/vc_row_inner][\/vc_column][\/vc_row][vc_row ct_row_stretch=\u00a0\u00bb\u00a0\u00bb css=\u00a0\u00bb.vc_custom_1642610647413{padding-top: 10px !important;}\u00a0\u00bb][vc_column width=\u00a0\u00bb1\/3&Prime; css=\u00a0\u00bb.vc_custom_1642610638553{padding-top: 30px !important;}\u00a0\u00bb][vc_column_text css=\u00a0\u00bb.vc_custom_1758297834422{padding-bottom: 20px !important;}\u00a0\u00bb el_class=\u00a0\u00bbsoulignage-es\u00a0\u00bb]\r\n<h4 style=\"text-align: center\"><a class=\"crane-lightbox\" href=\"https:\/\/www.es-jmm-savenay.fr\/lycee-saint-francois-assise-savenay\/wp-content\/uploads\/sites\/5\/2023\/11\/rdv-icone_es_jmm-1.svg\"><img loading=\"lazy\" decoding=\"async\" class=\"alignnone wp-image-2090\" role=\"img\" src=\"https:\/\/www.es-jmm-savenay.fr\/lycee-saint-francois-assise-savenay\/wp-content\/uploads\/sites\/5\/2023\/11\/rdv-icone_es_jmm-1.svg\" alt=\"\" width=\"110\" height=\"110\" \/><\/a>\r\nEtape 1<\/h4>\r\n<h5 style=\"text-align: center\">Prenez contact avec le secr\u00e9tariat du coll\u00e8ge<\/h5>\r\n<h5 style=\"text-align: center\"><strong>\u00e0 partir du lundi 5 janvier 2026<\/strong>\r\nau <a href=\"tel:0240569132\">02.40.56.91.32<\/a><\/h5>\r\n[\/vc_column_text][vc_btn title=\u00a0\u00bbContacter le coll\u00e8ge\u00a0\u00bb style=\u00a0\u00bbcustom\u00a0\u00bb custom_background=\u00a0\u00bb#eb6029&Prime; custom_text=\u00a0\u00bb#ffffff\u00a0\u00bb align=\u00a0\u00bbcenter\u00a0\u00bb i_icon_fontawesome=\u00a0\u00bbfas fa-phone\u00a0\u00bb add_icon=\u00a0\u00bbtrue\u00a0\u00bb link=\u00a0\u00bburl:https%3A%2F%2Fwww.es-jmm-savenay.fr%2Fcollege-saint-joseph-savenay%2Fcontact%2F|title:Contact\u00a0\u00bb][\/vc_column][vc_column width=\u00a0\u00bb1\/3&Prime; css=\u00a0\u00bb.vc_custom_1642610626389{padding-top: 30px !important;}\u00a0\u00bb][vc_column_text el_class=\u00a0\u00bbsoulignage-es\u00a0\u00bb css=\u00a0\u00bb.vc_custom_1765804512054{padding-bottom: 20px !important;}\u00a0\u00bb]\r\n<h4 style=\"text-align: center\"><img loading=\"lazy\" decoding=\"async\" class=\"aligncenter wp-image-270\" src=\"https:\/\/www.es-jmm-savenay.fr\/ecole-notre-dame-savenay\/wp-content\/uploads\/sites\/2\/2021\/08\/tarifs-es-jmm.png\" alt=\"\" width=\"94\" height=\"93\" \/>Etape 2<\/h4>\r\n<h5 style=\"text-align: center\">Veuillez effectuer la pr\u00e9inscription en ligne via le lien ci-dessous\u00a0:\r\n<em>(au moins une semaine avant le rdv)<\/em><\/h5>\r\n<h5>Avant de vous connecter, vous voudrez bien num\u00e9riser les documents suivants, ils vous seront demand\u00e9s pour finaliser la pr\u00e9-inscription.<\/h5>\r\nObligatoirement\u00a0:\r\n<ul>\r\n \t<li>\r\n<h5>Une copie de toutes les pages \u00e9crites du livret de famille (en un seul pdf).<\/h5>\r\n<\/li>\r\n \t<li>\r\n<h5>Une copie des derni\u00e8res \u00e9valuations scolaires en un seul pdf (dernier semestre de CM1 si vous n\u2019avez pas encore le 1<sup>er<\/sup> semestre de CM2)<\/h5>\r\n<\/li>\r\n<\/ul>\r\n<h5>De mani\u00e8re facultative et si vous \u00eates en possession du(des) document(s)\u00a0:<\/h5>\r\n<ul>\r\n \t<li>\r\n<h5>Une copie recto-verso de la Carte d\u2019identit\u00e9 ou une copie du passeport.<\/h5>\r\n<\/li>\r\n \t<li>\r\n<h5>Une copie des am\u00e9nagements de scolarit\u00e9 si votre enfant en b\u00e9n\u00e9ficie.<\/h5>\r\n<\/li>\r\n<\/ul>\r\n[\/vc_column_text][vc_btn title=\u00a0\u00bbPr\u00e9inscription en ligne\u00a0\u00bb style=\u00a0\u00bbcustom\u00a0\u00bb custom_background=\u00a0\u00bb#eb6029&Prime; custom_text=\u00a0\u00bb#ffffff\u00a0\u00bb align=\u00a0\u00bbcenter\u00a0\u00bb i_icon_fontawesome=\u00a0\u00bbfas fa-user-edit\u00a0\u00bb add_icon=\u00a0\u00bbtrue\u00a0\u00bb link=\u00a0\u00bburl:https%3A%2F%2Fpreinscriptions.ecoledirecte.com%2F%3FRNE%3D0440241Y%26ETAB%3D01|title:Pr%C3%A9inscription%20en%20ligne|target:_blank\u00a0\u00bb][\/vc_column][vc_column width=\u00a0\u00bb1\/3&Prime; css=\u00a0\u00bb.vc_custom_1642610632351{padding-top: 30px !important;}\u00a0\u00bb][vc_column_text el_class=\u00a0\u00bbsoulignage-es\u00a0\u00bb]\r\n<h4 style=\"text-align: center\"><a class=\"crane-lightbox\" href=\"https:\/\/www.es-jmm-savenay.fr\/lycee-saint-francois-assise-savenay\/wp-content\/uploads\/sites\/5\/2023\/11\/acompagnement-rdv-es-jmm.svg\"><img loading=\"lazy\" decoding=\"async\" class=\"alignnone wp-image-2084\" role=\"img\" src=\"https:\/\/www.es-jmm-savenay.fr\/lycee-saint-francois-assise-savenay\/wp-content\/uploads\/sites\/5\/2023\/11\/acompagnement-rdv-es-jmm.svg\" alt=\"\" width=\"110\" height=\"110\" \/><\/a>\r\nEtape 3<\/h4>\r\n<h5 style=\"text-align: center\">Venez au rdv accompagn\u00e9 de votre enfant<\/h5>\r\n[\/vc_column_text][\/vc_column][vc_column][\/vc_column][\/vc_row][vc_row ct_row_stretch=\u00a0\u00bb\u00a0\u00bb content_placement=\u00a0\u00bbtop\u00a0\u00bb css=\u00a0\u00bb.vc_custom_1703235226511{padding-top: 10px !important;}\u00a0\u00bb][vc_column width=\u00a0\u00bb1\/2&Prime; css=\u00a0\u00bb.vc_custom_1642610638553{padding-top: 30px !important;}\u00a0\u00bb][vc_column_text el_class=\u00a0\u00bbsoulignage-es\u00a0\u00bb]\r\n<h4 style=\"text-align: center\"><a class=\"crane-lightbox\" href=\"https:\/\/www.es-jmm-savenay.fr\/lycee-saint-francois-assise-savenay\/wp-content\/uploads\/sites\/5\/2023\/11\/reponse-ok-es-jmm.svg\"><img loading=\"lazy\" decoding=\"async\" class=\"alignnone wp-image-2080\" role=\"img\" src=\"https:\/\/www.es-jmm-savenay.fr\/lycee-saint-francois-assise-savenay\/wp-content\/uploads\/sites\/5\/2023\/11\/reponse-ok-es-jmm.svg\" alt=\"\" width=\"110\" height=\"110\" \/><\/a>\r\nEtape 4<\/h4>\r\n<h5 style=\"text-align: center\">Courant avril vous serez invit\u00e9 \u00e0 compl\u00e9ter en ligne le dossier d&rsquo;inscription d\u00e9finitif : un courriel vous sera transmis en temps utile.<\/h5>\r\n[\/vc_column_text][\/vc_column][vc_column width=\u00a0\u00bb1\/2&Prime; css=\u00a0\u00bb.vc_custom_1642610626389{padding-top: 30px !important;}\u00a0\u00bb][\/vc_column][\/vc_row][vc_row ct_row_stretch=\u00a0\u00bb\u00a0\u00bb][vc_column][vc_empty_space height=\u00a0\u00bb50px\u00a0\u00bb][\/vc_column][\/vc_row]","protected":false},"excerpt":{"rendered":"<p>[vc_row ct_row_stretch=\u00a0\u00bb\u00a0\u00bb][vc_column][vc_row_inner][vc_column_inner][vc_column_text] Vous souhaitez inscrire votre enfant dans notre coll\u00e8ge, merci de suivre les \u00e9tapes ci-dessous : [\/vc_column_text][\/vc_column_inner][\/vc_row_inner][\/vc_column][\/vc_row][vc_row ct_row_stretch=\u00a0\u00bb\u00a0\u00bb css=\u00a0\u00bb.vc_custom_1642610647413{padding-top: 10px !important;}\u00a0\u00bb][vc_column width=\u00a0\u00bb1\/3&Prime; css=\u00a0\u00bb.vc_custom_1642610638553{padding-top: 30px !important;}\u00a0\u00bb][vc_column_text css=\u00a0\u00bb.vc_custom_1758297834422{padding-bottom: 20px !important;}\u00a0\u00bb el_class=\u00a0\u00bbsoulignage-es\u00a0\u00bb] &#8230;<\/p>\n","protected":false},"author":1,"featured_media":0,"parent":0,"menu_order":0,"comment_status":"closed","ping_status":"closed","template":"","meta":{"footnotes":""},"class_list":["post-2073","page","type-page","status-publish","hentry"],"_links":{"self":[{"href":"https:\/\/www.es-jmm-savenay.fr\/college-saint-joseph-savenay\/wp-json\/wp\/v2\/pages\/2073","targetHints":{"allow":["GET"]}}],"collection":[{"href":"https:\/\/www.es-jmm-savenay.fr\/college-saint-joseph-savenay\/wp-json\/wp\/v2\/pages"}],"about":[{"href":"https:\/\/www.es-jmm-savenay.fr\/college-saint-joseph-savenay\/wp-json\/wp\/v2\/types\/page"}],"author":[{"embeddable":true,"href":"https:\/\/www.es-jmm-savenay.fr\/college-saint-joseph-savenay\/wp-json\/wp\/v2\/users\/1"}],"replies":[{"embeddable":true,"href":"https:\/\/www.es-jmm-savenay.fr\/college-saint-joseph-savenay\/wp-json\/wp\/v2\/comments?post=2073"}],"version-history":[{"count":13,"href":"https:\/\/www.es-jmm-savenay.fr\/college-saint-joseph-savenay\/wp-json\/wp\/v2\/pages\/2073\/revisions"}],"predecessor-version":[{"id":3393,"href":"https:\/\/www.es-jmm-savenay.fr\/college-saint-joseph-savenay\/wp-json\/wp\/v2\/pages\/2073\/revisions\/3393"}],"wp:attachment":[{"href":"https:\/\/www.es-jmm-savenay.fr\/college-saint-joseph-savenay\/wp-json\/wp\/v2\/media?parent=2073"}],"curies":[{"name":"wp","href":"https:\/\/api.w.org\/{rel}","templated":true}]}}