{"id":331,"date":"2021-06-23T16:50:26","date_gmt":"2021-06-23T14:50:26","guid":{"rendered":"https:\/\/www.es-jmm-savenay.fr\/college-saint-joseph-savenay\/?page_id=331"},"modified":"2022-03-07T09:52:04","modified_gmt":"2022-03-07T08:52:04","slug":"edito-college","status":"publish","type":"page","link":"https:\/\/www.es-jmm-savenay.fr\/college-saint-joseph-savenay\/edito-college\/","title":{"rendered":"Edito du chef d&rsquo;\u00e9tablissement"},"content":{"rendered":"[vc_row ct_row_stretch=\u00a0\u00bb\u00a0\u00bb][vc_column]<div class=\"ult-spacer spacer-69d6f84f102a7\" data-id=\"69d6f84f102a7\" data-height=\"90\" data-height-mobile=\"90\" data-height-tab=\"90\" data-height-tab-portrait=\"\" data-height-mobile-landscape=\"\" style=\"clear:both;display:block;\"><\/div><div id=\"ultimate-heading-575669d6f84f10447\" class=\"uvc-heading ult-adjust-bottom-margin ultimate-heading-575669d6f84f10447 uvc-9003 \" data-hspacer=\"line_with_icon\" data-hline_width=\"auto\" data-hicon_type=\"selector\" data-hborder_style=\"solid\" data-hborder_height=\"3\" data-hborder_color=\"#eb6029\" data-icon_width=\"50\" data-hfixer=\"10\"  data-halign=\"center\" style=\"text-align:center\"><div class=\"uvc-heading-spacer line_with_icon\" style=\"topheight:50px;\"><div class=\"ult-just-icon-wrapper  \"><div class=\"align-icon\" style=\"text-align:center;\">\n<div class=\"aio-icon none \"  style=\"color:#eb6029;font-size:50px;display:inline-block;\">\n\t<i class=\"icomoon-ACCUEIL\"><\/i>\n<\/div><\/div><\/div><\/div><div class=\"uvc-main-heading ult-responsive\"  data-ultimate-target='.uvc-heading.ultimate-heading-575669d6f84f10447 h1'  data-responsive-json-new='{\"font-size\":\"desktop:50px;\",\"line-height\":\"\"}' ><h1 style=\"font-weight:normal;color:#1a1c39;margin-top:15px;margin-bottom:50px;\">Edito du chef d'\u00e9tablissement du coll\u00e8ge Saint-Joseph<\/h1><\/div><\/div>[\/vc_column][\/vc_row][vc_row ct_row_stretch=\u00a0\u00bb\u00a0\u00bb content_placement=\u00a0\u00bbmiddle\u00a0\u00bb][vc_column][vc_column_text css=\u00a0\u00bb.vc_custom_1624454388306{padding-bottom: 30px !important;}\u00a0\u00bb el_class=\u00a0\u00bbsoulignage-es college\u00a0\u00bb]\n<h2 style=\"text-align: center;\">Le Coll\u00e8ge Saint-Joseph<\/h2>\n[\/vc_column_text]<div class=\"ult-spacer spacer-69d6f84f10469\" data-id=\"69d6f84f10469\" data-height=\"40\" data-height-mobile=\"40\" data-height-tab=\"40\" data-height-tab-portrait=\"\" data-height-mobile-landscape=\"\" style=\"clear:both;display:block;\"><\/div>[vc_column_text css=\u00a0\u00bb.vc_custom_1624467322909{padding-right: 15% !important;padding-left: 15% !important;}\u00a0\u00bb]\n<h4 style=\"text-align: center;\">Tout mettre en \u0153uvre pour faire grandir le jeune qui nous est confi\u00e9, voil\u00e0 bien le d\u00e9fi quotidien que rel\u00e8ve l&rsquo;ensemble de la communaut\u00e9 \u00e9ducative de Saint-Joseph.<\/h4>\n[\/vc_column_text]<div class=\"ult-spacer spacer-69d6f84f10477\" data-id=\"69d6f84f10477\" data-height=\"40\" data-height-mobile=\"40\" data-height-tab=\"40\" data-height-tab-portrait=\"\" data-height-mobile-landscape=\"\" style=\"clear:both;display:block;\"><\/div>[\/vc_column][\/vc_row][vc_row ct_row_stretch=\u00a0\u00bb\u00a0\u00bb gap=\u00a0\u00bb20&Prime; content_placement=\u00a0\u00bbmiddle\u00a0\u00bb][vc_column width=\u00a0\u00bb1\/3&Prime;][vc_single_image image=\u00a0\u00bb347&Prime; img_size=\u00a0\u00bblarge\u00a0\u00bb alignment=\u00a0\u00bbcenter\u00a0\u00bb el_class=\u00a0\u00bbmasque-photo-chef\u00a0\u00bb][\/vc_column][vc_column width=\u00a0\u00bb2\/3&Prime;][vc_column_text css=\u00a0\u00bb.vc_custom_1624467363099{padding-right: 10% !important;}\u00a0\u00bb]\n<p style=\"text-align: left;\">Notre volont\u00e9 est de proposer \u00e0 chacun un chemin de r\u00e9ussite, respectueux des diff\u00e9rences, des fragilit\u00e9s mais aussi des comp\u00e9tences.<br \/>\nLe coll\u00e8ge, permet en quatre ann\u00e9es de d\u00e9crocher un premier dipl\u00f4me, de se construire un projet professionnel mais surtout de s&rsquo;enrichir d&rsquo;apports \u00e9ducatifs et spirituels.<br \/>\nCe sont enfin quatre ann\u00e9es o\u00f9 les jeunes sont pr\u00e9par\u00e9s \u00e0 devenir des hommes et des femmes libres et responsables.[\/vc_column_text][\/vc_column][\/vc_row][vc_row ct_row_stretch=\u00a0\u00bb\u00a0\u00bb][vc_column]<div class=\"ult-spacer spacer-69d6f84f10482\" data-id=\"69d6f84f10482\" data-height=\"40\" data-height-mobile=\"40\" data-height-tab=\"40\" data-height-tab-portrait=\"\" data-height-mobile-landscape=\"\" style=\"clear:both;display:block;\"><\/div>[vc_column_text el_class=\u00a0\u00bbsignature-chef\u00a0\u00bb]\n<p style=\"text-align: center;\">Pascal Guesdon<\/p>\n[\/vc_column_text]<div class=\"ult-spacer spacer-69d6f84f1048c\" data-id=\"69d6f84f1048c\" data-height=\"150\" data-height-mobile=\"150\" data-height-tab=\"150\" data-height-tab-portrait=\"\" data-height-mobile-landscape=\"\" style=\"clear:both;display:block;\"><\/div>[\/vc_column][\/vc_row]\n","protected":false},"excerpt":{"rendered":"<p>[vc_row ct_row_stretch=\u00a0\u00bb\u00a0\u00bb][vc_column][\/vc_column][\/vc_row][vc_row ct_row_stretch=\u00a0\u00bb\u00a0\u00bb content_placement=\u00a0\u00bbmiddle\u00a0\u00bb][vc_column][vc_column_text css=\u00a0\u00bb.vc_custom_1624454388306{padding-bottom: 30px !important;}\u00a0\u00bb el_class=\u00a0\u00bbsoulignage-es college\u00a0\u00bb] Le Coll\u00e8ge Saint-Joseph [\/vc_column_text][vc_column_text css=\u00a0\u00bb.vc_custom_1624467322909{padding-right: 15% !important;padding-left: 15% !important;}\u00a0\u00bb] Tout mettre en \u0153uvre pour faire grandir le jeune qui nous est &#8230;<\/p>\n","protected":false},"author":1,"featured_media":0,"parent":0,"menu_order":0,"comment_status":"closed","ping_status":"closed","template":"","meta":{"footnotes":""},"class_list":["post-331","page","type-page","status-publish","hentry"],"_links":{"self":[{"href":"https:\/\/www.es-jmm-savenay.fr\/college-saint-joseph-savenay\/wp-json\/wp\/v2\/pages\/331","targetHints":{"allow":["GET"]}}],"collection":[{"href":"https:\/\/www.es-jmm-savenay.fr\/college-saint-joseph-savenay\/wp-json\/wp\/v2\/pages"}],"about":[{"href":"https:\/\/www.es-jmm-savenay.fr\/college-saint-joseph-savenay\/wp-json\/wp\/v2\/types\/page"}],"author":[{"embeddable":true,"href":"https:\/\/www.es-jmm-savenay.fr\/college-saint-joseph-savenay\/wp-json\/wp\/v2\/users\/1"}],"replies":[{"embeddable":true,"href":"https:\/\/www.es-jmm-savenay.fr\/college-saint-joseph-savenay\/wp-json\/wp\/v2\/comments?post=331"}],"version-history":[{"count":18,"href":"https:\/\/www.es-jmm-savenay.fr\/college-saint-joseph-savenay\/wp-json\/wp\/v2\/pages\/331\/revisions"}],"predecessor-version":[{"id":1208,"href":"https:\/\/www.es-jmm-savenay.fr\/college-saint-joseph-savenay\/wp-json\/wp\/v2\/pages\/331\/revisions\/1208"}],"wp:attachment":[{"href":"https:\/\/www.es-jmm-savenay.fr\/college-saint-joseph-savenay\/wp-json\/wp\/v2\/media?parent=331"}],"curies":[{"name":"wp","href":"https:\/\/api.w.org\/{rel}","templated":true}]}}