{"id":507,"date":"2021-08-25T11:59:01","date_gmt":"2021-08-25T09:59:01","guid":{"rendered":"https:\/\/www.es-jmm-savenay.fr\/college-saint-joseph-savenay\/?page_id=507"},"modified":"2022-03-07T09:46:17","modified_gmt":"2022-03-07T08:46:17","slug":"6eme-une-annee-dintegration","status":"publish","type":"page","link":"https:\/\/www.es-jmm-savenay.fr\/college-saint-joseph-savenay\/6eme-une-annee-dintegration\/","title":{"rendered":"6\u00e8me : une ann\u00e9e d\u2019int\u00e9gration"},"content":{"rendered":"[vc_row ct_row_stretch=\u00a0\u00bb\u00a0\u00bb][vc_column]<div class=\"ult-spacer spacer-69d25be73ae0b\" data-id=\"69d25be73ae0b\" data-height=\"80\" data-height-mobile=\"80\" data-height-tab=\"80\" data-height-tab-portrait=\"\" data-height-mobile-landscape=\"\" style=\"clear:both;display:block;\"><\/div><div id=\"ultimate-heading-230069d25be73afa5\" class=\"uvc-heading ult-adjust-bottom-margin ultimate-heading-230069d25be73afa5 uvc-4130 \" data-hspacer=\"line_with_icon\" data-hline_width=\"auto\" data-hicon_type=\"selector\" data-hborder_style=\"solid\" data-hborder_height=\"3\" data-hborder_color=\"#eb6029\" data-icon_width=\"50\" data-hfixer=\"10\"  data-halign=\"center\" style=\"text-align:center\"><div class=\"uvc-heading-spacer line_with_icon\" style=\"topheight:50px;\"><div class=\"ult-just-icon-wrapper  \"><div class=\"align-icon\" style=\"text-align:center;\">\n<div class=\"aio-icon none \"  style=\"color:#eb6029;font-size:50px;display:inline-block;\">\n\t<i class=\"icomoon-ACCUEIL\"><\/i>\n<\/div><\/div><\/div><\/div><div class=\"uvc-main-heading ult-responsive\"  data-ultimate-target='.uvc-heading.ultimate-heading-230069d25be73afa5 h1'  data-responsive-json-new='{\"font-size\":\"desktop:50px;\",\"line-height\":\"\"}' ><h1 style=\"font-weight:normal;color:#1a1c39;margin-top:15px;margin-bottom:50px;\">6\u00e8me : une ann\u00e9e d\u2019int\u00e9gration<\/h1><\/div><\/div>[\/vc_column][\/vc_row][vc_row ct_row_stretch=\u00a0\u00bb\u00a0\u00bb][vc_column]<div class=\"ult-spacer spacer-69d25be73afcb\" data-id=\"69d25be73afcb\" data-height=\"40\" data-height-mobile=\"40\" data-height-tab=\"40\" data-height-tab-portrait=\"\" data-height-mobile-landscape=\"\" style=\"clear:both;display:block;\"><\/div>[vc_column_text el_class=\u00a0\u00bbsoulignage-es college\u00a0\u00bb css=\u00a0\u00bb.vc_custom_1633076778529{padding-bottom: 30px !important;}\u00a0\u00bb]\n<h4 style=\"text-align: center;\"><strong>Derni\u00e8re ann\u00e9e du cycle 3<\/strong><\/h4>\n[\/vc_column_text][vc_column_text css=\u00a0\u00bb.vc_custom_1633076788073{padding-top: 40px !important;}\u00a0\u00bb]L\u2019ann\u00e9e de 6<sup>\u00e8me<\/sup> repr\u00e9sente un tournant dans la vie d\u2019un enfant. Au coll\u00e8ge Saint Joseph, nous <strong>accueillons individuellement<\/strong> chaque jeune.<br \/>\nNous <strong>l\u2019accompagnons et nous l\u2019aidons \u00e0 grandir<\/strong>.<\/p>\n<p>Le coll\u00e8ge est un lieu d\u2019int\u00e9gration o\u00f9 l\u2019on apprend \u00e0 s\u2019organiser avec davantage d\u2019autonomie.[\/vc_column_text][\/vc_column][\/vc_row][vc_row ct_row_stretch=\u00a0\u00bb\u00a0\u00bb css=\u00a0\u00bb.vc_custom_1633076804277{padding-top: 40px !important;}\u00a0\u00bb][vc_column width=\u00a0\u00bb1\/2&Prime;][vc_column_text el_class=\u00a0\u00bbsoulignage-es college\u00a0\u00bb css=\u00a0\u00bb.vc_custom_1633076849012{padding-bottom: 30px !important;}\u00a0\u00bb]\n<h4 style=\"text-align: center;\"><strong>De nombreux temps forts<\/strong><\/h4>\n[\/vc_column_text][vc_column_text css=\u00a0\u00bb.vc_custom_1633076857094{padding-top: 40px !important;}\u00a0\u00bb]Ces temps, souvent en lien avec la pastorale, jalonnent l\u2019ann\u00e9e de 6<sup>\u00e8me<\/sup>.<\/p>\n<p>Tout commence par un samedi matin de juin, o\u00f9 l\u2019\u00e9l\u00e8ve d\u00e9couvre son professeur principal(e), sa salle de classe et ses nouveaux camarades.<\/p>\n<p>A la rentr\u00e9e, en septembre, une journ\u00e9e d\u2019int\u00e9gration et de d\u00e9couverte du R\u00e9seau Mennaisien.<\/p>\n<p>En janvier, confection et remise de cartes de v\u0153ux aux r\u00e9sidents de la maison de retraite de Savenay suivi au mois de mars ou avril par une semaine ax\u00e9e sur les PAE (Projets d\u2019Actions Educatives).<\/p>\n<p>L\u2019ann\u00e9e se termine au mois de juin par une sortie festive.<\/p>\n<p>Ces temps forts contribuent \u00e0 <strong>l\u2019apprentissage du \u00ab\u00a0Vivre ensemble\u00a0\u00bb.<\/strong>[\/vc_column_text][\/vc_column][vc_column width=\u00a0\u00bb1\/2&Prime;][vc_column_text el_class=\u00a0\u00bbsoulignage-es college\u00a0\u00bb css=\u00a0\u00bb.vc_custom_1633076881591{padding-bottom: 30px !important;}\u00a0\u00bb]\n<h4 style=\"text-align: center;\"><strong>SEMAINE PAE (Projet de l\u2019Action Educative)<\/strong><\/h4>\n[\/vc_column_text][vc_column_text css=\u00a0\u00bb.vc_custom_1633076870848{padding-top: 40px !important;}\u00a0\u00bb]La semaine PAE est l\u2019occasion pour les 6<sup>\u00e8mes<\/sup> d\u2019accueillir leurs camarades de CM2 des \u00e9coles primaires de la CLE (Communaut\u00e9 Locale d\u2019Ecoles).<\/p>\n<p>Des projets sont propos\u00e9s aux \u00e9l\u00e8ves autour de diff\u00e9rentes th\u00e9matiques<strong>.<\/strong>[\/vc_column_text][\/vc_column][\/vc_row][vc_row ct_row_stretch=\u00a0\u00bb\u00a0\u00bb css=\u00a0\u00bb.vc_custom_1633076963478{padding-top: 40px !important;}\u00a0\u00bb][vc_column width=\u00a0\u00bb1\/4&Prime;][\/vc_column][vc_column width=\u00a0\u00bb1\/2&Prime;][vc_column_text el_class=\u00a0\u00bbsoulignage-es college\u00a0\u00bb css=\u00a0\u00bb.vc_custom_1633077034551{padding-bottom: 30px !important;}\u00a0\u00bb]\n<h4 style=\"text-align: center;\"><strong>Heures d&rsquo;enseignement<\/strong><\/h4>\n[\/vc_column_text][vc_column_text css=\u00a0\u00bb.vc_custom_1633076925002{padding-top: 40px !important;}\u00a0\u00bb]\n<h4><\/h4>\n<table width=\"376\">\n<tbody>\n<tr>\n<td width=\"296\">Fran\u00e7ais<\/td>\n<td width=\"80\">4H30<\/td>\n<\/tr>\n<tr>\n<td>Math\u00e9matiques<\/td>\n<td>4H30<\/td>\n<\/tr>\n<tr>\n<td>Anglais<\/td>\n<td>4H<\/td>\n<\/tr>\n<tr>\n<td>Histoire G\u00e9ographie-EMC<\/td>\n<td>3H<\/td>\n<\/tr>\n<tr>\n<td>SVT (Sciences et Vie de la Terre)<\/td>\n<td>1H30<\/td>\n<\/tr>\n<tr>\n<td>Technologie<\/td>\n<td>1h30<\/td>\n<\/tr>\n<tr>\n<td>Sciences physiques<\/td>\n<td>1H30<\/td>\n<\/tr>\n<tr>\n<td>Arts plastiques<\/td>\n<td>1H<\/td>\n<\/tr>\n<tr>\n<td>Education musicale<\/td>\n<td>1H<\/td>\n<\/tr>\n<tr>\n<td>EPS (Education Physique et Sportive)<\/td>\n<td>4H<\/td>\n<\/tr>\n<tr>\n<td>Espagnol \/Allemand (pour groupes bilingues)<\/td>\n<td>6H<\/td>\n<\/tr>\n<tr>\n<td>Titulariat<\/td>\n<td>0H30<\/td>\n<\/tr>\n<tr>\n<td>Culture et\/ou Cat\u00e9ch\u00e8se<\/td>\n<td>1H<\/td>\n<\/tr>\n<\/tbody>\n<\/table>\n[\/vc_column_text][\/vc_column][vc_column width=\u00a0\u00bb1\/4&Prime;][\/vc_column][\/vc_row][vc_row ct_row_stretch=\u00a0\u00bb\u00a0\u00bb][vc_column]<div class=\"ult-spacer spacer-69d25be73afd8\" data-id=\"69d25be73afd8\" data-height=\"150\" data-height-mobile=\"150\" data-height-tab=\"150\" data-height-tab-portrait=\"\" data-height-mobile-landscape=\"\" style=\"clear:both;display:block;\"><\/div>[\/vc_column][\/vc_row]\n","protected":false},"excerpt":{"rendered":"<p>[vc_row ct_row_stretch=\u00a0\u00bb\u00a0\u00bb][vc_column][\/vc_column][\/vc_row][vc_row ct_row_stretch=\u00a0\u00bb\u00a0\u00bb][vc_column][vc_column_text el_class=\u00a0\u00bbsoulignage-es college\u00a0\u00bb css=\u00a0\u00bb.vc_custom_1633076778529{padding-bottom: 30px !important;}\u00a0\u00bb] Derni\u00e8re ann\u00e9e du cycle 3 [\/vc_column_text][vc_column_text css=\u00a0\u00bb.vc_custom_1633076788073{padding-top: 40px !important;}\u00a0\u00bb]L\u2019ann\u00e9e de 6\u00e8me repr\u00e9sente un tournant dans la vie d\u2019un enfant. Au coll\u00e8ge Saint &#8230;<\/p>\n","protected":false},"author":1,"featured_media":0,"parent":0,"menu_order":0,"comment_status":"closed","ping_status":"closed","template":"","meta":{"footnotes":""},"class_list":["post-507","page","type-page","status-publish","hentry"],"_links":{"self":[{"href":"https:\/\/www.es-jmm-savenay.fr\/college-saint-joseph-savenay\/wp-json\/wp\/v2\/pages\/507","targetHints":{"allow":["GET"]}}],"collection":[{"href":"https:\/\/www.es-jmm-savenay.fr\/college-saint-joseph-savenay\/wp-json\/wp\/v2\/pages"}],"about":[{"href":"https:\/\/www.es-jmm-savenay.fr\/college-saint-joseph-savenay\/wp-json\/wp\/v2\/types\/page"}],"author":[{"embeddable":true,"href":"https:\/\/www.es-jmm-savenay.fr\/college-saint-joseph-savenay\/wp-json\/wp\/v2\/users\/1"}],"replies":[{"embeddable":true,"href":"https:\/\/www.es-jmm-savenay.fr\/college-saint-joseph-savenay\/wp-json\/wp\/v2\/comments?post=507"}],"version-history":[{"count":13,"href":"https:\/\/www.es-jmm-savenay.fr\/college-saint-joseph-savenay\/wp-json\/wp\/v2\/pages\/507\/revisions"}],"predecessor-version":[{"id":1201,"href":"https:\/\/www.es-jmm-savenay.fr\/college-saint-joseph-savenay\/wp-json\/wp\/v2\/pages\/507\/revisions\/1201"}],"wp:attachment":[{"href":"https:\/\/www.es-jmm-savenay.fr\/college-saint-joseph-savenay\/wp-json\/wp\/v2\/media?parent=507"}],"curies":[{"name":"wp","href":"https:\/\/api.w.org\/{rel}","templated":true}]}}