{"id":262,"date":"2021-08-23T14:06:11","date_gmt":"2021-08-23T12:06:11","guid":{"rendered":"https:\/\/www.es-jmm-savenay.fr\/ecole-notre-dame-savenay\/?page_id=262"},"modified":"2025-06-17T16:06:13","modified_gmt":"2025-06-17T14:06:13","slug":"nous-rejoindre","status":"publish","type":"page","link":"https:\/\/www.es-jmm-savenay.fr\/ecole-notre-dame-savenay\/nous-rejoindre\/","title":{"rendered":"Horaires, Tarifs&#8230;"},"content":{"rendered":"[vc_row ct_row_stretch=\u00a0\u00bb\u00a0\u00bb source=\u00a0\u00bb\u00a0\u00bb main_heading=\u00a0\u00bbActualit\u00e9s de l&rsquo;\u00e9cole Notre-Dame\u00a0\u00bb heading_tag=\u00a0\u00bbh1&Prime; main_heading_color=\u00a0\u00bb#1a1c39&Prime; sub_heading_color=\u00a0\u00bb\u00a0\u00bb alignment=\u00a0\u00bbcenter\u00a0\u00bb spacer=\u00a0\u00bbline_with_icon\u00a0\u00bb spacer_position=\u00a0\u00bbtop\u00a0\u00bb spacer_img_width=\u00a0\u00bb48&Prime; line_style=\u00a0\u00bbsolid\u00a0\u00bb line_height=\u00a0\u00bb3&Prime; line_color=\u00a0\u00bb#ffd332&Prime; line_icon_fixer=\u00a0\u00bb10&Prime; main_heading_font_size=\u00a0\u00bbdesktop:50px;\u00a0\u00bb main_heading_margin=\u00a0\u00bbmargin-top:15px;margin-bottom:50px;\u00a0\u00bb margin_design_tab_text=\u00a0\u00bb\u00a0\u00bb main_heading_typograpy=\u00a0\u00bb\u00a0\u00bb main_heading_font_family=\u00a0\u00bb\u00a0\u00bb main_heading_style=\u00a0\u00bb\u00a0\u00bb main_heading_line_height=\u00a0\u00bb\u00a0\u00bb sub_heading_typograpy=\u00a0\u00bb\u00a0\u00bb sub_heading_font_family=\u00a0\u00bb\u00a0\u00bb sub_heading_style=\u00a0\u00bb\u00a0\u00bb sub_heading_font_size=\u00a0\u00bb\u00a0\u00bb sub_heading_line_height=\u00a0\u00bb\u00a0\u00bb sub_heading_margin=\u00a0\u00bb\u00a0\u00bb spacer_img=\u00a0\u00bb\u00a0\u00bb line_width=\u00a0\u00bb\u00a0\u00bb spacer_margin=\u00a0\u00bb\u00a0\u00bb][vc_column]<div class=\"ult-spacer spacer-69d0ca726bf7c\" data-id=\"69d0ca726bf7c\" data-height=\"70\" data-height-mobile=\"100\" data-height-tab=\"\" data-height-tab-portrait=\"\" data-height-mobile-landscape=\"\" style=\"clear:both;display:block;\"><\/div><div id=\"ultimate-heading-142969d0ca726c120\" class=\"uvc-heading ult-adjust-bottom-margin ultimate-heading-142969d0ca726c120 uvc-3028 \" data-hspacer=\"line_with_icon\" data-hline_width=\"auto\" data-hicon_type=\"selector\" data-hborder_style=\"solid\" data-hborder_height=\"3\" data-hborder_color=\"#ffd332\" data-icon_width=\"50\" data-hfixer=\"10\"  data-halign=\"center\" style=\"text-align:center\"><div class=\"uvc-heading-spacer line_with_icon\" style=\"topheight:50px;\"><div class=\"ult-just-icon-wrapper  \"><div class=\"align-icon\" style=\"text-align:center;\">\n<div class=\"aio-icon none \"  style=\"color:#ffd332;font-size:50px;display:inline-block;\">\n\t<i class=\"icomoon-ACCUEIL\"><\/i>\n<\/div><\/div><\/div><\/div><div class=\"uvc-main-heading ult-responsive\"  data-ultimate-target='.uvc-heading.ultimate-heading-142969d0ca726c120 h1'  data-responsive-json-new='{\"font-size\":\"desktop:50px;\",\"line-height\":\"\"}' ><h1 style=\"font-weight:normal;color:#1a1c39;margin-top:15px;margin-bottom:50px;\">Nous rejoindre \u00e0 l'\u00e9cole Notre-Dame<\/h1><\/div><\/div>[\/vc_column][\/vc_row][vc_row ct_row_stretch=\u00a0\u00bb\u00a0\u00bb css=\u00a0\u00bb.vc_custom_1632910615939{padding-bottom: 40px !important;}\u00a0\u00bb][vc_column][vc_column_text]\n<p style=\"text-align: center;\"><span class=\"fontstyle0\">L\u2019\u00e9cole Notre-Dame est un \u00e9tablissement catholique d\u2019enseignement, en contrat d\u2019association avec l\u2019Etat.<br \/>\nElle applique les programmes de l\u2019Education Nationale et per\u00e7oit un forfait communal pour ses d\u00e9penses de fonctionnement.<\/span><\/p>\n<p style=\"text-align: center;\"><span class=\"fontstyle0\">L\u2019\u00e9cole Notre-Dame fait partie du r\u00e9seau mennaisien, tutelle congr\u00e9ganiste.<\/span><\/p>\n[\/vc_column_text][\/vc_column][\/vc_row][vc_row ct_row_stretch=\u00a0\u00bb\u00a0\u00bb][vc_column width=\u00a0\u00bb1\/2&Prime; css=\u00a0\u00bb.vc_custom_1629722387006{padding-top: 20px !important;}\u00a0\u00bb][vc_column_text el_class=\u00a0\u00bbsoulignage-es\u00a0\u00bb]\n<h4 style=\"text-align: center;\"><img loading=\"lazy\" decoding=\"async\" class=\"aligncenter wp-image-269\" src=\"https:\/\/www.es-jmm-savenay.fr\/ecole-notre-dame-savenay\/wp-content\/uploads\/sites\/2\/2021\/08\/info-horaire-es-jmm.png\" alt=\"\" width=\"87\" height=\"87\" \/>Les horaires<\/h4>\n<p style=\"text-align: center;\"><span class=\"fontstyle0\"><strong>Site Soubreti\u00e8re<\/strong> (PS \u00e0 CE2) : 8h45 \u00e0 12h et 13h30 \u00e0 16h30.<br \/>\n<\/span><span class=\"fontstyle0\"><strong>Site coll\u00e8ge <\/strong>Bd du Mar\u00e9chal Juin : 8h40 \u00e0 11h55 et 13h20 \u00e0 16h20<br \/>\n<\/span><span class=\"fontstyle0\"><strong>Semaine de 4 jours<\/strong>.<\/span>[\/vc_column_text][\/vc_column][vc_column width=\u00a0\u00bb1\/2&Prime;][vc_column_text el_class=\u00a0\u00bbsoulignage-es\u00a0\u00bb]\n<h4 style=\"text-align: center;\"><img loading=\"lazy\" decoding=\"async\" class=\"aligncenter wp-image-270\" src=\"https:\/\/www.es-jmm-savenay.fr\/ecole-notre-dame-savenay\/wp-content\/uploads\/sites\/2\/2021\/08\/tarifs-es-jmm.png\" alt=\"\" width=\"87\" height=\"86\" \/>Les tarifs<\/h4>\n<p style=\"text-align: center;\"><strong>Mis \u00e0 jour le 17\/06\/2025<br \/>\nann\u00e9e scolaire 2025-26<\/strong><\/p>\n<p style=\"text-align: center;\"><span class=\"fontstyle0\"><strong>1er enfant<\/strong> : <strong>365 \u20ac<\/strong> \u00e0 l&rsquo;ann\u00e9e,<br \/>\n<strong>2\u00e8me enfant<\/strong> : <b>330 \u20ac <\/b>\u00e0 l&rsquo;ann\u00e9e,<br \/>\n<strong>3\u00e8me enfant<\/strong> : <b>240 \u20ac <\/b>\u00e0 l&rsquo;ann\u00e9e.<strong><br \/>\n<\/strong><\/span>[\/vc_column_text][\/vc_column][\/vc_row][vc_row ct_row_stretch=\u00a0\u00bb\u00a0\u00bb css=\u00a0\u00bb.vc_custom_1661509132760{padding-top: 30px !important;}\u00a0\u00bb][vc_column width=\u00a0\u00bb1\/3&Prime; css=\u00a0\u00bb.vc_custom_1629722387006{padding-top: 20px !important;}\u00a0\u00bb][vc_column_text el_class=\u00a0\u00bbsoulignage-es\u00a0\u00bb]\n<h4 style=\"text-align: center;\"><img loading=\"lazy\" decoding=\"async\" class=\"aligncenter wp-image-272\" src=\"https:\/\/www.es-jmm-savenay.fr\/ecole-notre-dame-savenay\/wp-content\/uploads\/sites\/2\/2021\/08\/garderie-es-jmm.png\" alt=\"\" width=\"87\" height=\"87\" \/>La garderie<\/h4>\n<p style=\"text-align: center;\"><span style=\"text-decoration: underline;\"><strong>Matin<br \/>\n<\/strong><\/span><span class=\"fontstyle0\"><strong>Site Soubreti\u00e8re :<\/strong> de 7h20 \u00e0 8h35<br \/>\n<\/span><span class=\"fontstyle0\"><strong>Site coll\u00e8ge :<\/strong> de 7h30 \u00e0 8h30<br \/>\n<\/span><\/p>\n<p style=\"text-align: center;\"><span style=\"text-decoration: underline;\"><strong>Soir<br \/>\n<\/strong><\/span><span class=\"fontstyle0\"><strong>Site Soubreti\u00e8re<\/strong> : de 16h30 \u00e0 19h<br \/>\n<\/span><span class=\"fontstyle0\"><strong>Site coll\u00e8ge : <\/strong>de 16h20 \u00e0 18h45<\/span><\/p>\n<p style=\"text-align: center;\"><span class=\"fontstyle0\"><strong>Tarifs :<\/strong> 1,66\u20ac la demi-heure commenc\u00e9e le matin.<br \/>\n0.83\u20ac le quart d\u2019heure commenc\u00e9 le soir.<\/span>[\/vc_column_text][\/vc_column][vc_column width=\u00a0\u00bb1\/3&Prime;][vc_column_text el_class=\u00a0\u00bbsoulignage-es\u00a0\u00bb]\n<h4 style=\"text-align: center;\"><img loading=\"lazy\" decoding=\"async\" class=\"aligncenter wp-image-274\" src=\"https:\/\/www.es-jmm-savenay.fr\/ecole-notre-dame-savenay\/wp-content\/uploads\/sites\/2\/2021\/08\/restoration-esjmm.png\" alt=\"\" width=\"87\" height=\"87\" \/>Restaurant scolaire<\/h4>\n<p style=\"text-align: center;\"><strong>Mis \u00e0 jour le 17\/06\/2025<br \/>\nann\u00e9e scolaire 2025-26<\/strong><\/p>\n<p style=\"text-align: center;\"><span class=\"fontstyle0\"><strong>Site Soubreti\u00e8re, <\/strong>de la PS au CE2,<br \/>\nCuisin\u00e9 sur site. <strong>Tarif : 4,80 \u20ac le repas<br \/>\n<\/strong><\/span><span class=\"fontstyle0\"><strong>Site Coll\u00e8ge, <\/strong>CM1 et CM2<strong>.<\/strong> Cuisin\u00e9 sur site.<strong><br \/>\nTarif : 5,20 \u20ac<br \/>\n<\/strong><\/span><\/p>\n[\/vc_column_text][\/vc_column][vc_column width=\u00a0\u00bb1\/3&Prime;][vc_column_text el_class=\u00a0\u00bbsoulignage-es\u00a0\u00bb]\n<h4 style=\"text-align: center;\"><img loading=\"lazy\" decoding=\"async\" class=\"aligncenter wp-image-275\" src=\"https:\/\/www.es-jmm-savenay.fr\/ecole-notre-dame-savenay\/wp-content\/uploads\/sites\/2\/2021\/08\/secretariat-esjmm.png\" alt=\"\" width=\"87\" height=\"87\" \/>Secr\u00e9tariat<\/h4>\n<p style=\"text-align: center;\"><span class=\"fontstyle0\">Du lundi au vendredi (<strong>sauf le mercredi<\/strong>)<br \/>\nde 8h15 \u00e0 12h15 et de 13h30 \u00e0 16h30.<strong><br \/>\n<\/strong><\/span>[\/vc_column_text][\/vc_column][\/vc_row][vc_row ct_row_stretch=\u00a0\u00bbstretch_row_content_no_spaces\u00a0\u00bb][vc_column]<div class=\"ult-spacer spacer-69d0ca726c13f\" data-id=\"69d0ca726c13f\" data-height=\"40\" data-height-mobile=\"40\" data-height-tab=\"40\" data-height-tab-portrait=\"\" data-height-mobile-landscape=\"\" style=\"clear:both;display:block;\"><\/div>[vc_raw_html]JTNDaWZyYW1lJTIwd2lkdGglM0QlMjIxMDAlMjUlMjIlMjBoZWlnaHQlM0QlMjI1NTAlMjIlMjBmcmFtZWJvcmRlciUzRCUyMjAlMjIlMjBhbGxvd2Z1bGxzY3JlZW4lMjBzcmMlM0QlMjIlMkYlMkZ1bWFwLm9wZW5zdHJlZXRtYXAuZnIlMkZmciUyRm1hcCUyRmVuc2VtYmxlLXNjb2xhaXJlLWplYW4tbWFyaWUtZGUtbGEtbWVubmFpc182MzAzOTklM0ZzY2FsZUNvbnRyb2wlM0RmYWxzZSUyNm1pbmlNYXAlM0RmYWxzZSUyNnNjcm9sbFdoZWVsWm9vbSUzRGZhbHNlJTI2em9vbUNvbnRyb2wlM0R0cnVlJTI2YWxsb3dFZGl0JTNEZmFsc2UlMjZtb3JlQ29udHJvbCUzRHRydWUlMjZzZWFyY2hDb250cm9sJTNEbnVsbCUyNnRpbGVsYXllcnNDb250cm9sJTNEbnVsbCUyNmVtYmVkQ29udHJvbCUzRG51bGwlMjZkYXRhbGF5ZXJzQ29udHJvbCUzRGZhbHNlJTI2b25Mb2FkUGFuZWwlM0R1bmRlZmluZWQlMjZjYXB0aW9uQmFyJTNEZmFsc2UlMjZmdWxsc2NyZWVuQ29udHJvbCUzRHRydWUlMjIlM0UlM0MlMkZpZnJhbWUlM0UlM0NwJTNFJTNDYSUyMGhyZWYlM0QlMjIlMkYlMkZ1bWFwLm9wZW5zdHJlZXRtYXAuZnIlMkZmciUyRm1hcCUyRmVuc2VtYmxlLXNjb2xhaXJlLWplYW4tbWFyaWUtZGUtbGEtbWVubmFpc182MzAzOTklMjIlM0VWb2lyJTIwZW4lMjBwbGVpbiUyMCVDMyVBOWNyYW4lM0MlMkZhJTNFJTNDJTJGcCUzRQ==[\/vc_raw_html][\/vc_column][\/vc_row]\n","protected":false},"excerpt":{"rendered":"<p>[vc_row ct_row_stretch=\u00a0\u00bb\u00a0\u00bb source=\u00a0\u00bb\u00a0\u00bb main_heading=\u00a0\u00bbActualit\u00e9s de l&rsquo;\u00e9cole Notre-Dame\u00a0\u00bb heading_tag=\u00a0\u00bbh1&Prime; main_heading_color=\u00a0\u00bb#1a1c39&Prime; sub_heading_color=\u00a0\u00bb\u00a0\u00bb alignment=\u00a0\u00bbcenter\u00a0\u00bb spacer=\u00a0\u00bbline_with_icon\u00a0\u00bb spacer_position=\u00a0\u00bbtop\u00a0\u00bb spacer_img_width=\u00a0\u00bb48&Prime; line_style=\u00a0\u00bbsolid\u00a0\u00bb line_height=\u00a0\u00bb3&Prime; line_color=\u00a0\u00bb#ffd332&Prime; line_icon_fixer=\u00a0\u00bb10&Prime; main_heading_font_size=\u00a0\u00bbdesktop:50px;\u00a0\u00bb main_heading_margin=\u00a0\u00bbmargin-top:15px;margin-bottom:50px;\u00a0\u00bb margin_design_tab_text=\u00a0\u00bb\u00a0\u00bb main_heading_typograpy=\u00a0\u00bb\u00a0\u00bb main_heading_font_family=\u00a0\u00bb\u00a0\u00bb main_heading_style=\u00a0\u00bb\u00a0\u00bb main_heading_line_height=\u00a0\u00bb\u00a0\u00bb sub_heading_typograpy=\u00a0\u00bb\u00a0\u00bb sub_heading_font_family=\u00a0\u00bb\u00a0\u00bb sub_heading_style=\u00a0\u00bb\u00a0\u00bb sub_heading_font_size=\u00a0\u00bb\u00a0\u00bb sub_heading_line_height=\u00a0\u00bb\u00a0\u00bb &#8230;<\/p>\n","protected":false},"author":1,"featured_media":0,"parent":0,"menu_order":0,"comment_status":"closed","ping_status":"closed","template":"","meta":{"footnotes":""},"class_list":["post-262","page","type-page","status-publish","hentry"],"_links":{"self":[{"href":"https:\/\/www.es-jmm-savenay.fr\/ecole-notre-dame-savenay\/wp-json\/wp\/v2\/pages\/262","targetHints":{"allow":["GET"]}}],"collection":[{"href":"https:\/\/www.es-jmm-savenay.fr\/ecole-notre-dame-savenay\/wp-json\/wp\/v2\/pages"}],"about":[{"href":"https:\/\/www.es-jmm-savenay.fr\/ecole-notre-dame-savenay\/wp-json\/wp\/v2\/types\/page"}],"author":[{"embeddable":true,"href":"https:\/\/www.es-jmm-savenay.fr\/ecole-notre-dame-savenay\/wp-json\/wp\/v2\/users\/1"}],"replies":[{"embeddable":true,"href":"https:\/\/www.es-jmm-savenay.fr\/ecole-notre-dame-savenay\/wp-json\/wp\/v2\/comments?post=262"}],"version-history":[{"count":25,"href":"https:\/\/www.es-jmm-savenay.fr\/ecole-notre-dame-savenay\/wp-json\/wp\/v2\/pages\/262\/revisions"}],"predecessor-version":[{"id":7785,"href":"https:\/\/www.es-jmm-savenay.fr\/ecole-notre-dame-savenay\/wp-json\/wp\/v2\/pages\/262\/revisions\/7785"}],"wp:attachment":[{"href":"https:\/\/www.es-jmm-savenay.fr\/ecole-notre-dame-savenay\/wp-json\/wp\/v2\/media?parent=262"}],"curies":[{"name":"wp","href":"https:\/\/api.w.org\/{rel}","templated":true}]}}