{"id":101,"date":"2021-06-23T17:41:12","date_gmt":"2021-06-23T15:41:12","guid":{"rendered":"https:\/\/www.es-jmm-savenay.fr\/lycee-saint-francois-assise-savenay\/?page_id=101"},"modified":"2021-06-23T18:58:14","modified_gmt":"2021-06-23T16:58:14","slug":"edito-du-chef-detablissement","status":"publish","type":"page","link":"https:\/\/www.es-jmm-savenay.fr\/lycee-saint-francois-assise-savenay\/edito-du-chef-detablissement\/","title":{"rendered":"Edito du chef d&rsquo;\u00e9tablissement"},"content":{"rendered":"[vc_row ct_row_stretch=\u00a0\u00bb\u00a0\u00bb][vc_column]<div class=\"ult-spacer spacer-69e762a83b1bf\" data-id=\"69e762a83b1bf\" data-height=\"90\" data-height-mobile=\"90\" data-height-tab=\"90\" data-height-tab-portrait=\"\" data-height-mobile-landscape=\"\" style=\"clear:both;display:block;\"><\/div><div id=\"ultimate-heading-421069e762a83b40b\" class=\"uvc-heading ult-adjust-bottom-margin ultimate-heading-421069e762a83b40b uvc-3143 \" data-hspacer=\"line_with_icon\" data-hline_width=\"auto\" data-hicon_type=\"selector\" data-hborder_style=\"solid\" data-hborder_height=\"1\" data-hborder_color=\"#c2d453\" data-icon_width=\"50\" data-hfixer=\"10\"  data-halign=\"center\" style=\"text-align:center\"><div class=\"uvc-heading-spacer line_with_icon\" style=\"topheight:50px;\"><div class=\"ult-just-icon-wrapper  \"><div class=\"align-icon\" style=\"text-align:center;\">\n<div class=\"aio-icon none \"  style=\"color:#c2d453;font-size:50px;display:inline-block;\">\n\t<i class=\"icomoon-ACCUEIL\"><\/i>\n<\/div><\/div><\/div><\/div><div class=\"uvc-main-heading ult-responsive\"  data-ultimate-target='.uvc-heading.ultimate-heading-421069e762a83b40b h1'  data-responsive-json-new='{\"font-size\":\"desktop:50px;\",\"line-height\":\"\"}' ><h1 style=\"font-weight:normal;color:#1a1c39;margin-top:15px;margin-bottom:50px;\">Edito du chef d'\u00e9tablissement Lyc\u00e9e St Fran\u00e7ois d'Assise<\/h1><\/div><\/div>[\/vc_column][\/vc_row][vc_row ct_row_stretch=\u00a0\u00bb\u00a0\u00bb][vc_column][vc_column_text css=\u00a0\u00bb.vc_custom_1624462995998{padding-top: 50px !important;padding-bottom: 30px !important;}\u00a0\u00bb el_class=\u00a0\u00bbsoulignage-es lycee\u00a0\u00bb]\r\n<h2 style=\"text-align: center;\">Le lyc\u00e9e Saint-Fran\u00e7ois-d\u2018Assise<\/h2>\r\n[\/vc_column_text]<div class=\"ult-spacer spacer-69e762a83b426\" data-id=\"69e762a83b426\" data-height=\"40\" data-height-mobile=\"40\" data-height-tab=\"40\" data-height-tab-portrait=\"\" data-height-mobile-landscape=\"\" style=\"clear:both;display:block;\"><\/div>[vc_column_text css=\u00a0\u00bb.vc_custom_1624467043383{padding-right: 15% !important;padding-left: 15% !important;}\u00a0\u00bb]\r\n<h4 style=\"text-align: center;\">Le lyc\u00e9e Saint-Fran\u00e7ois d\u2019Assise est un \u00e9tablissement \u00e0 taille humaine o\u00f9 la notion d\u2019accompagnement du jeune prend tout son sens :<\/h4>\r\n[\/vc_column_text]<div class=\"ult-spacer spacer-69e762a83b42f\" data-id=\"69e762a83b42f\" data-height=\"50\" data-height-mobile=\"50\" data-height-tab=\"50\" data-height-tab-portrait=\"\" data-height-mobile-landscape=\"\" style=\"clear:both;display:block;\"><\/div>[\/vc_column][\/vc_row][vc_row ct_row_stretch=\u00a0\u00bbstretch_row_content\u00a0\u00bb content_placement=\u00a0\u00bbmiddle\u00a0\u00bb][vc_column width=\u00a0\u00bb2\/5&Prime;][vc_single_image image=\u00a0\u00bb105&Prime; img_size=\u00a0\u00bb450&#215;300&Prime; alignment=\u00a0\u00bbright\u00a0\u00bb el_class=\u00a0\u00bbmasque-photo-chef\u00a0\u00bb][\/vc_column][vc_column width=\u00a0\u00bb3\/5&Prime;][vc_column_text css=\u00a0\u00bb.vc_custom_1624466428421{padding-left: 5% !important;}\u00a0\u00bb]\r\n<ul>\r\n \t<li style=\"text-align: justify;\">Accompagnement dans <strong>la<\/strong> <strong>pr\u00e9paration au baccalaur\u00e9at<\/strong>,<\/li>\r\n \t<li>Accompagnement dans l\u2019\u00e9laboration d\u2019<strong>un<\/strong> <strong>projet professionnel<\/strong>,<\/li>\r\n \t<li style=\"text-align: justify;\">Accompagnement vers une plus grande <strong>autonomie<\/strong>, dans la perspective de <strong>l\u2019enseignement sup\u00e9rieur<\/strong>,<\/li>\r\n \t<li style=\"text-align: justify;\">Enfin accompagnement sur <strong>le chemin de la foi<\/strong>, dans le respect des consciences.<\/li>\r\n<\/ul>\r\n[\/vc_column_text][\/vc_column][\/vc_row][vc_row ct_row_stretch=\u00a0\u00bb\u00a0\u00bb][vc_column]<div class=\"ult-spacer spacer-69e762a83b437\" data-id=\"69e762a83b437\" data-height=\"50\" data-height-mobile=\"50\" data-height-tab=\"50\" data-height-tab-portrait=\"\" data-height-mobile-landscape=\"\" style=\"clear:both;display:block;\"><\/div>[vc_column_text css=\u00a0\u00bb.vc_custom_1624463018627{padding-right: 10% !important;padding-left: 10% !important;}\u00a0\u00bb]Par une pr\u00e9sence \u00e9ducative forte et une grande disponibilit\u00e9 de l\u2019\u00e9quipe enseignante, la relation de confiance est ici cultiv\u00e9e pour mieux r\u00e9pondre au niveau d\u2019exigence de l\u2019\u00e9tablissement.[\/vc_column_text]<div class=\"ult-spacer spacer-69e762a83b43e\" data-id=\"69e762a83b43e\" data-height=\"40\" data-height-mobile=\"40\" data-height-tab=\"40\" data-height-tab-portrait=\"\" data-height-mobile-landscape=\"\" style=\"clear:both;display:block;\"><\/div>[vc_column_text css=\u00a0\u00bb.vc_custom_1624463030706{padding-right: 10% !important;padding-left: 10% !important;}\u00a0\u00bb]\r\n<p style=\"text-align: justify;\">Parce que notre ambition n\u2019est autre que de faire grandir les jeunes qui nous sont confi\u00e9s, c\u2019est avec force et conviction que nous affirmons notre attachement \u00e0 la r\u00e9ussite de tous, \u00e0 l&rsquo;accompagnement et \u00e0 la relation de confiance pour ses vertus responsabilisantes.<\/p>\r\n[\/vc_column_text]<div class=\"ult-spacer spacer-69e762a83b445\" data-id=\"69e762a83b445\" data-height=\"40\" data-height-mobile=\"40\" data-height-tab=\"40\" data-height-tab-portrait=\"\" data-height-mobile-landscape=\"\" style=\"clear:both;display:block;\"><\/div>[vc_column_text el_class=\u00a0\u00bbsignature-chef\u00a0\u00bb]\r\n<p style=\"text-align: center;\">Pascal Guesdon<\/p>\r\n[\/vc_column_text]<div class=\"ult-spacer spacer-69e762a83b44b\" data-id=\"69e762a83b44b\" data-height=\"40\" data-height-mobile=\"40\" data-height-tab=\"40\" data-height-tab-portrait=\"\" data-height-mobile-landscape=\"\" style=\"clear:both;display:block;\"><\/div>[\/vc_column][\/vc_row]","protected":false},"excerpt":{"rendered":"<p>[vc_row ct_row_stretch=\u00a0\u00bb\u00a0\u00bb][vc_column][\/vc_column][\/vc_row][vc_row ct_row_stretch=\u00a0\u00bb\u00a0\u00bb][vc_column][vc_column_text css=\u00a0\u00bb.vc_custom_1624462995998{padding-top: 50px !important;padding-bottom: 30px !important;}\u00a0\u00bb el_class=\u00a0\u00bbsoulignage-es lycee\u00a0\u00bb] Le lyc\u00e9e Saint-Fran\u00e7ois-d\u2018Assise [\/vc_column_text][vc_column_text css=\u00a0\u00bb.vc_custom_1624467043383{padding-right: 15% !important;padding-left: 15% !important;}\u00a0\u00bb] Le lyc\u00e9e Saint-Fran\u00e7ois d\u2019Assise est un \u00e9tablissement \u00e0 taille humaine o\u00f9 &#8230;<\/p>\n","protected":false},"author":1,"featured_media":0,"parent":0,"menu_order":0,"comment_status":"closed","ping_status":"closed","template":"","meta":{"footnotes":""},"class_list":["post-101","page","type-page","status-publish","hentry"],"_links":{"self":[{"href":"https:\/\/www.es-jmm-savenay.fr\/lycee-saint-francois-assise-savenay\/wp-json\/wp\/v2\/pages\/101","targetHints":{"allow":["GET"]}}],"collection":[{"href":"https:\/\/www.es-jmm-savenay.fr\/lycee-saint-francois-assise-savenay\/wp-json\/wp\/v2\/pages"}],"about":[{"href":"https:\/\/www.es-jmm-savenay.fr\/lycee-saint-francois-assise-savenay\/wp-json\/wp\/v2\/types\/page"}],"author":[{"embeddable":true,"href":"https:\/\/www.es-jmm-savenay.fr\/lycee-saint-francois-assise-savenay\/wp-json\/wp\/v2\/users\/1"}],"replies":[{"embeddable":true,"href":"https:\/\/www.es-jmm-savenay.fr\/lycee-saint-francois-assise-savenay\/wp-json\/wp\/v2\/comments?post=101"}],"version-history":[{"count":18,"href":"https:\/\/www.es-jmm-savenay.fr\/lycee-saint-francois-assise-savenay\/wp-json\/wp\/v2\/pages\/101\/revisions"}],"predecessor-version":[{"id":122,"href":"https:\/\/www.es-jmm-savenay.fr\/lycee-saint-francois-assise-savenay\/wp-json\/wp\/v2\/pages\/101\/revisions\/122"}],"wp:attachment":[{"href":"https:\/\/www.es-jmm-savenay.fr\/lycee-saint-francois-assise-savenay\/wp-json\/wp\/v2\/media?parent=101"}],"curies":[{"name":"wp","href":"https:\/\/api.w.org\/{rel}","templated":true}]}}