{"id":2628,"date":"2024-03-19T10:49:55","date_gmt":"2024-03-19T09:49:55","guid":{"rendered":"https:\/\/www.es-jmm-savenay.fr\/lycee-saint-francois-assise-savenay\/?page_id=2628"},"modified":"2024-09-23T11:18:57","modified_gmt":"2024-09-23T09:18:57","slug":"offre-de-formation","status":"publish","type":"page","link":"https:\/\/www.es-jmm-savenay.fr\/lycee-saint-francois-assise-savenay\/offre-de-formation\/","title":{"rendered":"Offre de formation"},"content":{"rendered":"[vc_row ct_row_stretch=\u00a0\u00bb\u00a0\u00bb][vc_column]<div class=\"ult-spacer spacer-69e763f94d841\" data-id=\"69e763f94d841\" data-height=\"80\" data-height-mobile=\"80\" data-height-tab=\"80\" data-height-tab-portrait=\"\" data-height-mobile-landscape=\"\" style=\"clear:both;display:block;\"><\/div><div id=\"ultimate-heading-452269e763f94dbf1\" class=\"uvc-heading ult-adjust-bottom-margin ultimate-heading-452269e763f94dbf1 uvc-4025 \" data-hspacer=\"line_with_icon\" data-hline_width=\"auto\" data-hicon_type=\"selector\" data-hborder_style=\"solid\" data-hborder_height=\"3\" data-hborder_color=\"#c2d453\" data-icon_width=\"50\" data-hfixer=\"10\"  data-halign=\"center\" style=\"text-align:center\"><div class=\"uvc-heading-spacer line_with_icon\" style=\"topheight:50px;\"><div class=\"ult-just-icon-wrapper  \"><div class=\"align-icon\" style=\"text-align:center;\">\n<div class=\"aio-icon none \"  style=\"color:#c2d453;font-size:50px;display:inline-block;\">\n\t<i class=\"icomoon-ACCUEIL\"><\/i>\n<\/div><\/div><\/div><\/div><div class=\"uvc-main-heading ult-responsive\"  data-ultimate-target='.uvc-heading.ultimate-heading-452269e763f94dbf1 h1'  data-responsive-json-new='{\"font-size\":\"desktop:50px;\",\"line-height\":\"\"}' ><h1 style=\"font-weight:normal;color:#1a1c39;margin-top:15px;margin-bottom:50px;\">Offre de formation<\/h1><\/div><div class=\"uvc-sub-heading ult-responsive\"  data-ultimate-target='.uvc-heading.ultimate-heading-452269e763f94dbf1 .uvc-sub-heading '  data-responsive-json-new='{\"font-size\":\"\",\"line-height\":\"\"}'  style=\"font-weight:normal;\">\n<h3 style=\"text-align: center;\">Les enjeux du lyc\u00e9e : accompagner chaque lyc\u00e9en vers sa r\u00e9ussite personnelle &amp; obtenir son baccalaur\u00e9at<br \/>\nmais surtout se pr\u00e9parer \u00e0 l\u2019enseignement sup\u00e9rieur.<\/h3>\n<\/div><\/div>[vc_single_image image=\u00a0\u00bb487&Prime; img_size=\u00a0\u00bbmedium\u00a0\u00bb alignment=\u00a0\u00bbcenter\u00a0\u00bb]<div class=\"ult-spacer spacer-69e763f94dc24\" data-id=\"69e763f94dc24\" data-height=\"40\" data-height-mobile=\"40\" data-height-tab=\"40\" data-height-tab-portrait=\"\" data-height-mobile-landscape=\"\" style=\"clear:both;display:block;\"><\/div>[\/vc_column][\/vc_row][vc_row ct_row_stretch=\u00a0\u00bb\u00a0\u00bb css=\u00a0\u00bb.vc_custom_1633077619857{padding-top: 50px !important;}\u00a0\u00bb][vc_column][vc_column_text el_class=\u00a0\u00bbsoulignage-es\u00a0\u00bb]\n<h4 style=\"text-align: center;\"><strong>La seconde g\u00e9n\u00e9rale et technologique (2nd GT)<\/strong><\/h4>\n[\/vc_column_text][vc_row_inner][vc_column_inner width=\u00a0\u00bb1\/2&Prime; css=\u00a0\u00bb.vc_custom_1633077888090{padding-top: 50px !important;}\u00a0\u00bb][vc_column_text el_class=\u00a0\u00bbsoulignage-es\u00a0\u00bb css=\u00a0\u00bb.vc_custom_1712593830334{padding-bottom: 30px !important;}\u00a0\u00bb]\n<h4 class=\"v1MsoNormal\" style=\"text-align: center;\">Tronc commun<\/h4>\n<ul>\n<li class=\"v1MsoNormal\">Fran\u00e7ais 4h<\/li>\n<li class=\"v1MsoNormal\">Math\u00e9matiques 4h<\/li>\n<li class=\"v1MsoNormal\">Histoire-G\u00e9ographie 3h<\/li>\n<li class=\"v1MsoNormal\">Langue vivante A et B 5h30<\/li>\n<li class=\"v1MsoNormal\">Sciences \u00c9conomiques et Sociales (SES) 1h30<\/li>\n<li class=\"v1MsoNormal\">Physique-Chimie 3h<\/li>\n<li class=\"v1MsoNormal\">Sciences de la Vie et de la Terre (SVT) 1h30<\/li>\n<li class=\"v1MsoNormal\">Education Physique et Sportive (EPS) 2h<\/li>\n<li class=\"v1MsoNormal\">Sciences Num\u00e9riques et Technologie (SNT) 1h30<\/li>\n<li class=\"v1MsoNormal\">Enseignement morale et civique 18h\/an<\/li>\n<\/ul>\n[\/vc_column_text][\/vc_column_inner][vc_column_inner width=\u00a0\u00bb1\/2&Prime; css=\u00a0\u00bb.vc_custom_1633077881846{padding-top: 50px !important;}\u00a0\u00bb][vc_column_text el_class=\u00a0\u00bbsoulignage-es\u00a0\u00bb css=\u00a0\u00bb.vc_custom_1712593798474{padding-bottom: 30px !important;}\u00a0\u00bb]\n<h4 class=\"v1MsoNormal\" style=\"text-align: center;\">Options<br \/>\nD\u00e9couverte technologique<\/h4>\n<ul>\n<li class=\"v1MsoNormal\">Cr\u00e9ation et Innovation Technologiques (CIT)<\/li>\n<li class=\"v1MsoNormal\">Management et Gestion<\/li>\n<li class=\"v1MsoNormal\">Sciences de l\u2019Ing\u00e9nieur (SI)<\/li>\n<\/ul>\n[\/vc_column_text][vc_column_text el_class=\u00a0\u00bbsoulignage-es\u00a0\u00bb css=\u00a0\u00bb.vc_custom_1710836861230{padding-bottom: 30px !important;}\u00a0\u00bb]\n<h4 class=\"v1MsoNormal\" style=\"text-align: center;\">Options<br \/>\nD&rsquo;enseignement g\u00e9n\u00e9ral<\/h4>\n<ul>\n<li class=\"v1MsoNormal\">Latin (langue et culture de l\u2019Antiquit\u00e9)<\/li>\n<li class=\"v1MsoNormal\">\ud83c\uddf7\ud83c\uddfa Russe (langue vivante C)<\/li>\n<li class=\"v1MsoNormal\">\ud83c\uddea\ud83c\uddfa\u00a0Section Europ\u00e9enne \ud83c\uddec\ud83c\udde7 Anglais<\/li>\n<\/ul>\n[\/vc_column_text][\/vc_column_inner][\/vc_row_inner]<div class=\"ult-spacer spacer-69e763f94dc36\" data-id=\"69e763f94dc36\" data-height=\"40\" data-height-mobile=\"40\" data-height-tab=\"40\" data-height-tab-portrait=\"\" data-height-mobile-landscape=\"\" style=\"clear:both;display:block;\"><\/div>[vc_column_text el_class=\u00a0\u00bbsoulignage-es\u00a0\u00bb css=\u00a0\u00bb.vc_custom_1710838212005{padding-bottom: 30px !important;}\u00a0\u00bb]\n<h4 style=\"text-align: center;\"><strong>La fili\u00e8re g\u00e9n\u00e9rale<br \/>\n1<sup>\u00e8re<\/sup> et terminale<\/strong><\/h4>\n[\/vc_column_text][vc_row_inner][vc_column_inner width=\u00a0\u00bb1\/2&Prime;][vc_column_text el_class=\u00a0\u00bbsoulignage-es\u00a0\u00bb css=\u00a0\u00bb.vc_custom_1712593869759{padding-bottom: 30px !important;}\u00a0\u00bb]\n<h4 style=\"text-align: center;\">Les sp\u00e9cialit\u00e9s<\/h4>\n<ul type=\"disc\">\n<li>HGGSP (Histoire-G\u00e9ographie, G\u00e9opolitique et Sciences Politiques)<\/li>\n<li class=\"v1MsoListParagraph\">HLP (Humanit\u00e9s, Litt\u00e9rature et Philosophie)<\/li>\n<li class=\"v1MsoListParagraph\">LLCE (Langues, Litt\u00e9ratures et Cultures \u00c9trang\u00e8res)<\/li>\n<li class=\"v1MsoListParagraph\">Math\u00e9matiques<\/li>\n<li class=\"v1MsoListParagraph\">Physique-Chimie<\/li>\n<li class=\"v1MsoListParagraph\">SVT (Sciences de la Vie et de la Terre)<\/li>\n<li class=\"v1MsoListParagraph\">SI (Sciences de l\u2019Ing\u00e9nieur)<\/li>\n<li class=\"v1MsoListParagraph\">SES (Sciences Economiques et Sociales)<\/li>\n<\/ul>\n[\/vc_column_text][\/vc_column_inner][vc_column_inner width=\u00a0\u00bb1\/2&Prime;][vc_column_text el_class=\u00a0\u00bbsoulignage-es\u00a0\u00bb css=\u00a0\u00bb.vc_custom_1710841190081{padding-bottom: 30px !important;}\u00a0\u00bb]\n<h4 style=\"text-align: center;\">Les options<\/h4>\n<ul>\n<li class=\"v1MsoNormal\">Latin (langue et culture de l\u2019Antiquit\u00e9)<\/li>\n<li class=\"v1MsoNormal\">\ud83c\uddf7\ud83c\uddfa Russe (langue vivante C)<\/li>\n<li class=\"v1MsoNormal\">\ud83c\uddea\ud83c\uddfa\u00a0Section Europ\u00e9enne \ud83c\uddec\ud83c\udde7 Anglais<\/li>\n<\/ul>\n[\/vc_column_text][vc_column_text el_class=\u00a0\u00bbsoulignage-es\u00a0\u00bb css=\u00a0\u00bb.vc_custom_1710841161502{padding-top: 30px !important;padding-bottom: 30px !important;}\u00a0\u00bb]\n<h4 style=\"text-align: center;\">Les options de terminales<\/h4>\n<ul>\n<li>Maths compl\u00e9mentaires<\/li>\n<li>Maths Expertes<\/li>\n<li>DGEMC (Droit et Grands Enjeux du Monde Contemporain)<\/li>\n<\/ul>\n[\/vc_column_text][\/vc_column_inner][\/vc_row_inner]<div class=\"ult-spacer spacer-69e763f94dc40\" data-id=\"69e763f94dc40\" data-height=\"40\" data-height-mobile=\"40\" data-height-tab=\"40\" data-height-tab-portrait=\"\" data-height-mobile-landscape=\"\" style=\"clear:both;display:block;\"><\/div>[vc_column_text el_class=\u00a0\u00bbsoulignage-es\u00a0\u00bb css=\u00a0\u00bb.vc_custom_1710839371803{padding-bottom: 30px !important;}\u00a0\u00bb]\n<h4 style=\"text-align: center;\"><strong>La fili\u00e8re technologique<br \/>\n<\/strong>1<sup>\u00e8re<\/sup> et Terminale<\/h4>\n[\/vc_column_text][vc_row_inner][vc_column_inner width=\u00a0\u00bb1\/2&Prime;][vc_column_text el_class=\u00a0\u00bbsoulignage-es\u00a0\u00bb css=\u00a0\u00bb.vc_custom_1710840525698{padding-bottom: 30px !important;}\u00a0\u00bb]\n<h4 style=\"text-align: center;\">STMG<\/h4>\n<ul>\n<li>Mercatique<\/li>\n<li>Ressources humaines<\/li>\n<li>Finances<\/li>\n<\/ul>\n[\/vc_column_text][\/vc_column_inner][vc_column_inner width=\u00a0\u00bb1\/2&Prime;][vc_column_text el_class=\u00a0\u00bbsoulignage-es\u00a0\u00bb css=\u00a0\u00bb.vc_custom_1712593899185{padding-bottom: 30px !important;}\u00a0\u00bb]\n<h4 style=\"text-align: center;\">STI2D<\/h4>\n<ul>\n<li class=\"v1MsoNormal\">AC (Architecture et Construction)<\/li>\n<li class=\"v1MsoNormal\">SIN (Sciences de l\u2019Informatique et Num\u00e9rique)<\/li>\n<li class=\"v1MsoNormal\">ITEC (Innovation Technologique et \u00c9co-Conception)<\/li>\n<\/ul>\n[\/vc_column_text][\/vc_column_inner][\/vc_row_inner][\/vc_column][\/vc_row][vc_row ct_row_stretch=\u00a0\u00bb\u00a0\u00bb][vc_column]<div class=\"ult-spacer spacer-69e763f94dc47\" data-id=\"69e763f94dc47\" data-height=\"60\" data-height-mobile=\"60\" data-height-tab=\"60\" data-height-tab-portrait=\"\" data-height-mobile-landscape=\"\" style=\"clear:both;display:block;\"><\/div><div class=\" ubtn-ctn-center \"><a class=\"ubtn-link ult-adjust-bottom-margin ubtn-center ubtn-large \" href=\"https:\/\/www.es-jmm-savenay.fr\/lycee-saint-francois-assise-savenay\/wp-content\/uploads\/sites\/5\/2021\/03\/Presentation-du-lycee-SFDA_Savenay_compressed.pdf\" ><button type=\"button\" id=\"ubtn-9962\"  class=\"ubtn ult-adjust-bottom-margin ult-responsive ubtn-large ubtn-no-hover-bg  none  ubtn-center   tooltip-69e763f94dc56\"  data-hover=\"\" data-border-color=\"\" data-bg=\"#c2d453\" data-hover-bg=\"\" data-border-hover=\"\" data-shadow-hover=\"\" data-shadow-click=\"none\" data-shadow=\"\" data-shd-shadow=\"\"  data-ultimate-target='#ubtn-9962'  data-responsive-json-new='{\"font-size\":\"\",\"line-height\":\"\"}'  style=\"font-weight:normal;border:none;background: #c2d453;color: #000000;\"><span class=\"ubtn-hover\" style=\"background-color:\"><\/span><span class=\"ubtn-data ubtn-text \" >T\u00e9l\u00e9charger la pr\u00e9sentation du lyc\u00e9e St Fran\u00e7ois d&#039;Assise<\/span><\/button><\/a><\/div><div class=\"ult-spacer spacer-69e763f94dc92\" data-id=\"69e763f94dc92\" data-height=\"30\" data-height-mobile=\"30\" data-height-tab=\"30\" data-height-tab-portrait=\"\" data-height-mobile-landscape=\"\" style=\"clear:both;display:block;\"><\/div>[\/vc_column][\/vc_row][vc_row ct_row_stretch=\u00a0\u00bbstretch_row\u00a0\u00bb][vc_column][\/vc_column][\/vc_row][vc_row ct_row_stretch=\u00a0\u00bbstretch_row_content\u00a0\u00bb][vc_column width=\u00a0\u00bb1\/2&Prime;][\/vc_column][vc_column width=\u00a0\u00bb1\/2&Prime;][\/vc_column][\/vc_row][vc_row ct_row_stretch=\u00a0\u00bb\u00a0\u00bb][vc_column]<div class=\"ult-spacer spacer-69e763f94dc9b\" data-id=\"69e763f94dc9b\" data-height=\"150\" data-height-mobile=\"150\" data-height-tab=\"150\" data-height-tab-portrait=\"\" data-height-mobile-landscape=\"\" style=\"clear:both;display:block;\"><\/div>[\/vc_column][\/vc_row][vc_row ct_row_stretch=\u00a0\u00bb\u00a0\u00bb][vc_column][\/vc_column][\/vc_row]\n","protected":false},"excerpt":{"rendered":"<p>[vc_row ct_row_stretch=\u00a0\u00bb\u00a0\u00bb][vc_column][vc_single_image image=\u00a0\u00bb487&Prime; img_size=\u00a0\u00bbmedium\u00a0\u00bb alignment=\u00a0\u00bbcenter\u00a0\u00bb][\/vc_column][\/vc_row][vc_row ct_row_stretch=\u00a0\u00bb\u00a0\u00bb css=\u00a0\u00bb.vc_custom_1633077619857{padding-top: 50px !important;}\u00a0\u00bb][vc_column][vc_column_text el_class=\u00a0\u00bbsoulignage-es\u00a0\u00bb] La seconde g\u00e9n\u00e9rale et technologique (2nd GT) [\/vc_column_text][vc_row_inner][vc_column_inner width=\u00a0\u00bb1\/2&Prime; css=\u00a0\u00bb.vc_custom_1633077888090{padding-top: 50px !important;}\u00a0\u00bb][vc_column_text el_class=\u00a0\u00bbsoulignage-es\u00a0\u00bb css=\u00a0\u00bb.vc_custom_1712593830334{padding-bottom: 30px !important;}\u00a0\u00bb] Tronc commun Fran\u00e7ais 4h &#8230;<\/p>\n","protected":false},"author":1,"featured_media":0,"parent":0,"menu_order":0,"comment_status":"closed","ping_status":"closed","template":"","meta":{"footnotes":""},"class_list":["post-2628","page","type-page","status-publish","hentry"],"_links":{"self":[{"href":"https:\/\/www.es-jmm-savenay.fr\/lycee-saint-francois-assise-savenay\/wp-json\/wp\/v2\/pages\/2628","targetHints":{"allow":["GET"]}}],"collection":[{"href":"https:\/\/www.es-jmm-savenay.fr\/lycee-saint-francois-assise-savenay\/wp-json\/wp\/v2\/pages"}],"about":[{"href":"https:\/\/www.es-jmm-savenay.fr\/lycee-saint-francois-assise-savenay\/wp-json\/wp\/v2\/types\/page"}],"author":[{"embeddable":true,"href":"https:\/\/www.es-jmm-savenay.fr\/lycee-saint-francois-assise-savenay\/wp-json\/wp\/v2\/users\/1"}],"replies":[{"embeddable":true,"href":"https:\/\/www.es-jmm-savenay.fr\/lycee-saint-francois-assise-savenay\/wp-json\/wp\/v2\/comments?post=2628"}],"version-history":[{"count":7,"href":"https:\/\/www.es-jmm-savenay.fr\/lycee-saint-francois-assise-savenay\/wp-json\/wp\/v2\/pages\/2628\/revisions"}],"predecessor-version":[{"id":3008,"href":"https:\/\/www.es-jmm-savenay.fr\/lycee-saint-francois-assise-savenay\/wp-json\/wp\/v2\/pages\/2628\/revisions\/3008"}],"wp:attachment":[{"href":"https:\/\/www.es-jmm-savenay.fr\/lycee-saint-francois-assise-savenay\/wp-json\/wp\/v2\/media?parent=2628"}],"curies":[{"name":"wp","href":"https:\/\/api.w.org\/{rel}","templated":true}]}}