{"id":61,"date":"2021-06-10T13:46:30","date_gmt":"2021-06-10T11:46:30","guid":{"rendered":"https:\/\/www.es-jmm-savenay.fr\/lycee-saint-francois-assise-savenay\/?page_id=61"},"modified":"2026-01-21T14:10:29","modified_gmt":"2026-01-21T13:10:29","slug":"accueil-lycee-st-francois-dassise","status":"publish","type":"page","link":"https:\/\/www.es-jmm-savenay.fr\/lycee-saint-francois-assise-savenay\/","title":{"rendered":"Accueil lyc\u00e9e St-Fran\u00e7ois-d&rsquo;Assise"},"content":{"rendered":"[vc_row ct_row_stretch=\u00a0\u00bb\u00a0\u00bb][vc_column][\/vc_column][\/vc_row][vc_row ct_row_stretch=\u00a0\u00bb\u00a0\u00bb][vc_column][vc_raw_html]JTVCcmV2X3NsaWRlciUyMGFsaWFzJTNEJTIyRVMtc2xpZGUtbHljZWUlMjIlNUQlNUIlMkZyZXZfc2xpZGVyJTVE[\/vc_raw_html]<div class=\"ult-spacer spacer-69ef0aa2b412c\" data-id=\"69ef0aa2b412c\" data-height=\"30\" data-height-mobile=\"30\" data-height-tab=\"30\" data-height-tab-portrait=\"\" data-height-mobile-landscape=\"\" style=\"clear:both;display:block;\"><\/div>[\/vc_column][\/vc_row][vc_row ct_row_stretch=\u00a0\u00bbstretch_row_content_no_spaces\u00a0\u00bb equal_height=\u00a0\u00bbyes\u00a0\u00bb css=\u00a0\u00bb.vc_custom_1633340641832{padding-right: 5% !important;padding-left: 5% !important;}\u00a0\u00bb][vc_column width=\u00a0\u00bb2\/3&Prime; el_class=\u00a0\u00bbcolonne-actu-lycee\u00a0\u00bb]<div id=\"ultimate-heading-420569ef0aa2b434d\" class=\"uvc-heading ult-adjust-bottom-margin ultimate-heading-420569ef0aa2b434d uvc-3195 \" data-hspacer=\"line_with_icon\" data-hline_width=\"auto\" data-hicon_type=\"selector\" data-hborder_style=\"solid\" data-hborder_height=\"3\" data-hborder_color=\"#c2d453\" data-icon_width=\"50\" data-hfixer=\"10\"  data-halign=\"center\" style=\"text-align:center\"><div class=\"uvc-heading-spacer line_with_icon\" style=\"topheight:50px;\"><div class=\"ult-just-icon-wrapper  \"><div class=\"align-icon\" style=\"text-align:center;\">\n<div class=\"aio-icon none \"  style=\"color:#c2d453;font-size:50px;display:inline-block;\">\n\t<i class=\"icomoon-ACCUEIL\"><\/i>\n<\/div><\/div><\/div><\/div><div class=\"uvc-main-heading ult-responsive\"  data-ultimate-target='.uvc-heading.ultimate-heading-420569ef0aa2b434d h1'  data-responsive-json-new='{\"font-size\":\"desktop:40px;\",\"line-height\":\"\"}' ><h1 style=\"font-weight:normal;color:#1a1c39;margin-top:15px;margin-bottom:50px;\">Actualit\u00e9s du Lyc\u00e9e St-Fran\u00e7ois-d'Assise<\/h1><\/div><\/div>[vc_row_inner][vc_column_inner][vc_basic_grid post_type=\u00a0\u00bbcustom\u00a0\u00bb element_width=\u00a0\u00bb6&Prime; initial_loading_animation=\u00a0\u00bbfadeInUp\u00a0\u00bb grid_id=\u00a0\u00bbvc_gid:1738686496629-c5425efa98d7f8468a18aec20744e8c4-4&Prime; custom_query=\u00a0\u00bbcategory__and%5B20%5D=5&amp;post_status=publish&amp;posts_per_page=4&Prime;][\/vc_column_inner][\/vc_row_inner][\/vc_column][vc_column width=\u00a0\u00bb1\/3&Prime;]<div id=\"ultimate-heading-884069ef0aa2b43cc\" class=\"uvc-heading ult-adjust-bottom-margin ultimate-heading-884069ef0aa2b43cc uvc-1586 \" data-hspacer=\"line_with_icon\" data-hline_width=\"auto\" data-hicon_type=\"selector\" data-hborder_style=\"solid\" data-hborder_height=\"3\" data-hborder_color=\"#c2d453\" data-icon_width=\"50\" data-hfixer=\"10\"  data-halign=\"center\" style=\"text-align:center\"><div class=\"uvc-heading-spacer line_with_icon\" style=\"topheight:50px;\"><div class=\"ult-just-icon-wrapper  \"><div class=\"align-icon\" style=\"text-align:center;\">\n<div class=\"aio-icon none \"  style=\"color:#c2d453;font-size:50px;display:inline-block;\">\n\t<i class=\"icomoon-ACCUEIL\"><\/i>\n<\/div><\/div><\/div><\/div><div class=\"uvc-main-heading ult-responsive\"  data-ultimate-target='.uvc-heading.ultimate-heading-884069ef0aa2b43cc h1'  data-responsive-json-new='{\"font-size\":\"desktop:50px;\",\"line-height\":\"\"}' ><h1 style=\"font-weight:normal;color:#1a1c39;margin-top:15px;margin-bottom:24px;\">Agenda<\/h1><\/div><\/div><div id=\"ect-no-events\"><p><span class=\"ect-icon\"><i class=\"ect-icon-bell\"><\/i><\/span>Aucun \u00e9v\u00e9nement \u00e0 venir pour le moment<\/p><\/div>[\/vc_column][\/vc_row][vc_row ct_row_stretch=\u00a0\u00bbstretch_row_content_no_spaces\u00a0\u00bb][vc_column width=\u00a0\u00bb1\/3&Prime;]<div class=\"ult-spacer spacer-69ef0aa2b60d7\" data-id=\"69ef0aa2b60d7\" data-height=\"30\" data-height-mobile=\"30\" data-height-tab=\"30\" data-height-tab-portrait=\"\" data-height-mobile-landscape=\"\" style=\"clear:both;display:block;\"><\/div><div id=\"ultimate-heading-404669ef0aa2b6168\" class=\"uvc-heading ult-adjust-bottom-margin ultimate-heading-404669ef0aa2b6168 uvc-4270 \" data-hspacer=\"line_with_icon\" data-hline_width=\"auto\" data-hicon_type=\"selector\" data-hborder_style=\"solid\" data-hborder_height=\"3\" data-hborder_color=\"#c2d453\" data-icon_width=\"50\" data-hfixer=\"10\"  data-halign=\"center\" style=\"text-align:center\"><div class=\"uvc-heading-spacer line_with_icon\" style=\"topheight:50px;\"><div class=\"ult-just-icon-wrapper  \"><div class=\"align-icon\" style=\"text-align:center;\">\n<div class=\"aio-icon none \"  style=\"color:#c2d453;font-size:50px;display:inline-block;\">\n\t<i class=\"icomoon-ACCUEIL\"><\/i>\n<\/div><\/div><\/div><\/div><div class=\"uvc-main-heading ult-responsive\"  data-ultimate-target='.uvc-heading.ultimate-heading-404669ef0aa2b6168 h3'  data-responsive-json-new='{\"font-size\":\"desktop:40px;\",\"line-height\":\"\"}' ><h3 style=\"font-weight:normal;color:#1a1c39;margin-top:15px;margin-bottom:50px;\">Suivez le Lyc\u00e9e St-Fran\u00e7ois-d'Assise\r\nsur les r\u00e9seaux<\/h3><\/div><\/div>[vc_column_text el_class=\u00a0\u00bbfacebook-lycee\u00a0\u00bb]<iframe loading=\"lazy\" style=\"border: none; overflow: hidden;\" src=\"https:\/\/www.facebook.com\/plugins\/page.php?href=https%3A%2F%2Fwww.facebook.com%2Fsfda.savenay&amp;tabs=timeline&amp;width=1200&amp;height=800&amp;small_header=false&amp;data-adapt-container-width=true&amp;hide_cover=false&amp;show_facepile=false&amp;appId=3286869274688463\" width=\"1200\" height=\"600\" frameborder=\"0\" scrolling=\"no\" allowfullscreen=\"allowfullscreen\"><span data-mce-type=\"bookmark\" style=\"display: inline-block; width: 1200px; overflow: hidden; line-height: 0;\" class=\"mce_SELRES_start\">\ufeff<\/span><\/iframe>[\/vc_column_text]<div class=\"ult-spacer spacer-69ef0aa2b6188\" data-id=\"69ef0aa2b6188\" data-height=\"30\" data-height-mobile=\"30\" data-height-tab=\"30\" data-height-tab-portrait=\"\" data-height-mobile-landscape=\"\" style=\"clear:both;display:block;\"><\/div>[\/vc_column][vc_column width=\u00a0\u00bb1\/3&Prime;]<div class=\"ult-spacer spacer-69ef0aa2b6196\" data-id=\"69ef0aa2b6196\" data-height=\"30\" data-height-mobile=\"30\" data-height-tab=\"30\" data-height-tab-portrait=\"\" data-height-mobile-landscape=\"\" style=\"clear:both;display:block;\"><\/div><div id=\"ultimate-heading-181969ef0aa2b61eb\" class=\"uvc-heading ult-adjust-bottom-margin ultimate-heading-181969ef0aa2b61eb uvc-3881 \" data-hspacer=\"line_with_icon\" data-hline_width=\"auto\" data-hicon_type=\"selector\" data-hborder_style=\"solid\" data-hborder_height=\"3\" data-hborder_color=\"#c2d453\" data-icon_width=\"50\" data-hfixer=\"10\"  data-halign=\"center\" style=\"text-align:center\"><div class=\"uvc-heading-spacer line_with_icon\" style=\"topheight:50px;\"><div class=\"ult-just-icon-wrapper  \"><div class=\"align-icon\" style=\"text-align:center;\">\n<div class=\"aio-icon none \"  style=\"color:#c2d453;font-size:50px;display:inline-block;\">\n\t<i class=\"icomoon-ACCUEIL\"><\/i>\n<\/div><\/div><\/div><\/div><div class=\"uvc-main-heading ult-responsive\"  data-ultimate-target='.uvc-heading.ultimate-heading-181969ef0aa2b61eb h3'  data-responsive-json-new='{\"font-size\":\"desktop:40px;\",\"line-height\":\"\"}' ><h3 style=\"font-weight:normal;color:#1a1c39;margin-top:15px;margin-bottom:50px;\">Bureau Des Lyc\u00e9ens\r\nl'association \/ le blog<\/h3><\/div><\/div>[vc_single_image image=\u00a0\u00bb1085&Prime; img_size=\u00a0\u00bblarge\u00a0\u00bb alignment=\u00a0\u00bbcenter\u00a0\u00bb onclick=\u00a0\u00bbcustom_link\u00a0\u00bb css_animation=\u00a0\u00bbnone\u00a0\u00bb link=\u00a0\u00bbhttps:\/\/www.es-jmm-savenay.fr\/lycee-saint-francois-assise-savenay\/?page_id=443&Prime;][\/vc_column][vc_column width=\u00a0\u00bb1\/3&Prime;]<div class=\"ult-spacer spacer-69ef0aa2b6203\" data-id=\"69ef0aa2b6203\" data-height=\"30\" data-height-mobile=\"30\" data-height-tab=\"30\" data-height-tab-portrait=\"\" data-height-mobile-landscape=\"\" style=\"clear:both;display:block;\"><\/div><div id=\"ultimate-heading-984869ef0aa2b6250\" class=\"uvc-heading ult-adjust-bottom-margin ultimate-heading-984869ef0aa2b6250 uvc-5733 \" data-hspacer=\"line_with_icon\" data-hline_width=\"auto\" data-hicon_type=\"selector\" data-hborder_style=\"solid\" data-hborder_height=\"3\" data-hborder_color=\"#c2d453\" data-icon_width=\"50\" data-hfixer=\"10\"  data-halign=\"center\" style=\"text-align:center\"><div class=\"uvc-heading-spacer line_with_icon\" style=\"topheight:50px;\"><div class=\"ult-just-icon-wrapper  \"><div class=\"align-icon\" style=\"text-align:center;\">\n<div class=\"aio-icon none \"  style=\"color:#c2d453;font-size:50px;display:inline-block;\">\n\t<i class=\"icomoon-ACCUEIL\"><\/i>\n<\/div><\/div><\/div><\/div><div class=\"uvc-main-heading ult-responsive\"  data-ultimate-target='.uvc-heading.ultimate-heading-984869ef0aa2b6250 h3'  data-responsive-json-new='{\"font-size\":\"desktop:40px;\",\"line-height\":\"\"}' ><h3 style=\"font-weight:normal;color:#1a1c39;margin-top:15px;margin-bottom:50px;\">L'association sportive\r\nle blog &amp; actualit\u00e9s<\/h3><\/div><\/div>[vc_single_image image=\u00a0\u00bb1975&Prime; img_size=\u00a0\u00bblarge\u00a0\u00bb alignment=\u00a0\u00bbcenter\u00a0\u00bb onclick=\u00a0\u00bbcustom_link\u00a0\u00bb css_animation=\u00a0\u00bbnone\u00a0\u00bb link=\u00a0\u00bbhttps:\/\/www.es-jmm-savenay.fr\/lycee-saint-francois-assise-savenay\/?page_id=1962&Prime;][\/vc_column][\/vc_row]","protected":false},"excerpt":{"rendered":"<p>[vc_row ct_row_stretch=\u00a0\u00bb\u00a0\u00bb][vc_column][\/vc_column][\/vc_row][vc_row ct_row_stretch=\u00a0\u00bb\u00a0\u00bb][vc_column][vc_raw_html]JTVCcmV2X3NsaWRlciUyMGFsaWFzJTNEJTIyRVMtc2xpZGUtbHljZWUlMjIlNUQlNUIlMkZyZXZfc2xpZGVyJTVE[\/vc_raw_html][\/vc_column][\/vc_row][vc_row ct_row_stretch=\u00a0\u00bbstretch_row_content_no_spaces\u00a0\u00bb equal_height=\u00a0\u00bbyes\u00a0\u00bb css=\u00a0\u00bb.vc_custom_1633340641832{padding-right: 5% !important;padding-left: 5% !important;}\u00a0\u00bb][vc_column width=\u00a0\u00bb2\/3&Prime; el_class=\u00a0\u00bbcolonne-actu-lycee\u00a0\u00bb][vc_row_inner][vc_column_inner][vc_basic_grid post_type=\u00a0\u00bbcustom\u00a0\u00bb element_width=\u00a0\u00bb6&Prime; initial_loading_animation=\u00a0\u00bbfadeInUp\u00a0\u00bb grid_id=\u00a0\u00bbvc_gid:1738686496629-c5425efa98d7f8468a18aec20744e8c4-4&Prime; custom_query=\u00a0\u00bbcategory__and%5B20%5D=5&amp;post_status=publish&amp;posts_per_page=4&Prime;][\/vc_column_inner][\/vc_row_inner][\/vc_column][vc_column width=\u00a0\u00bb1\/3&Prime;][\/vc_column][\/vc_row][vc_row ct_row_stretch=\u00a0\u00bbstretch_row_content_no_spaces\u00a0\u00bb][vc_column width=\u00a0\u00bb1\/3&Prime;][vc_column_text el_class=\u00a0\u00bbfacebook-lycee\u00a0\u00bb]\ufeff[\/vc_column_text][\/vc_column][vc_column width=\u00a0\u00bb1\/3&Prime;][vc_single_image image=\u00a0\u00bb1085&Prime; img_size=\u00a0\u00bblarge\u00a0\u00bb alignment=\u00a0\u00bbcenter\u00a0\u00bb onclick=\u00a0\u00bbcustom_link\u00a0\u00bb css_animation=\u00a0\u00bbnone\u00a0\u00bb link=\u00a0\u00bbhttps:\/\/www.es-jmm-savenay.fr\/lycee-saint-francois-assise-savenay\/?page_id=443&Prime;][\/vc_column][vc_column width=\u00a0\u00bb1\/3&Prime;][vc_single_image image=\u00a0\u00bb1975&Prime; &#8230;<\/p>\n","protected":false},"author":1,"featured_media":0,"parent":0,"menu_order":0,"comment_status":"closed","ping_status":"closed","template":"","meta":{"footnotes":""},"class_list":["post-61","page","type-page","status-publish","hentry"],"_links":{"self":[{"href":"https:\/\/www.es-jmm-savenay.fr\/lycee-saint-francois-assise-savenay\/wp-json\/wp\/v2\/pages\/61","targetHints":{"allow":["GET"]}}],"collection":[{"href":"https:\/\/www.es-jmm-savenay.fr\/lycee-saint-francois-assise-savenay\/wp-json\/wp\/v2\/pages"}],"about":[{"href":"https:\/\/www.es-jmm-savenay.fr\/lycee-saint-francois-assise-savenay\/wp-json\/wp\/v2\/types\/page"}],"author":[{"embeddable":true,"href":"https:\/\/www.es-jmm-savenay.fr\/lycee-saint-francois-assise-savenay\/wp-json\/wp\/v2\/users\/1"}],"replies":[{"embeddable":true,"href":"https:\/\/www.es-jmm-savenay.fr\/lycee-saint-francois-assise-savenay\/wp-json\/wp\/v2\/comments?post=61"}],"version-history":[{"count":48,"href":"https:\/\/www.es-jmm-savenay.fr\/lycee-saint-francois-assise-savenay\/wp-json\/wp\/v2\/pages\/61\/revisions"}],"predecessor-version":[{"id":4517,"href":"https:\/\/www.es-jmm-savenay.fr\/lycee-saint-francois-assise-savenay\/wp-json\/wp\/v2\/pages\/61\/revisions\/4517"}],"wp:attachment":[{"href":"https:\/\/www.es-jmm-savenay.fr\/lycee-saint-francois-assise-savenay\/wp-json\/wp\/v2\/media?parent=61"}],"curies":[{"name":"wp","href":"https:\/\/api.w.org\/{rel}","templated":true}]}}